{"id":4452,"date":"2024-11-22T00:13:58","date_gmt":"2024-11-21T23:13:58","guid":{"rendered":"https:\/\/gempolgroup.com\/products\/bez-kategorii\/drozdze-piwne-paszowe-selen-dla-koni\/"},"modified":"2025-01-17T16:51:04","modified_gmt":"2025-01-17T15:51:04","slug":"drozdze-piwne-paszowe-selen-dla-koni","status":"publish","type":"product","link":"https:\/\/gempolgroup.com\/pl\/products\/produkty-dla-koni\/drozdze-w-proszku-produkty-dla-koni\/drozdze-piwne-paszowe-selen-dla-koni\/","title":{"rendered":"Dro\u017cd\u017ce piwne paszowe + Selen w proszku dla koni"},"content":{"rendered":"\t\t<div data-elementor-type=\"section\" data-elementor-id=\"4208\" class=\"elementor elementor-4208 elementor-2324\" data-elementor-post-type=\"elementor_library\">\n\t\t\t<div class=\"elementor-element elementor-element-54c8c67 e-con-full e-flex e-con e-parent\" data-id=\"54c8c67\" data-element_type=\"container\" data-e-type=\"container\">\n\t\t<div class=\"dce-visibility-event elementor-element elementor-element-b054f81 e-con-full e-flex e-con e-child\" data-id=\"b054f81\" data-element_type=\"container\" data-e-type=\"container\" data-settings=\"{&quot;enabled_visibility&quot;:&quot;yes&quot;,&quot;dce_visibility_selected&quot;:&quot;yes&quot;}\">\n\t\t\t\t<div class=\"elementor-element elementor-element-1e5abaf elementor-widget elementor-widget-text-editor\" data-id=\"1e5abaf\" data-element_type=\"widget\" data-e-type=\"widget\" data-widget_type=\"text-editor.default\">\n\t\t\t\t<div class=\"elementor-widget-container\">\n\t\t\t\t\t\t\t\t\t<p class=\"p1\"><b>Kluczowe sk\u0142adniki:<\/b><\/p>\n<ul class=\"ul1\">\n<li class=\"li2\"><b>Dro\u017cd\u017ce piwne paszowe: <\/b>Bogactwo naturalnych bia\u0142ek, witamin z grupy B, aminokwas\u00f3w oraz mikroelement\u00f3w sprawia, \u017ce dro\u017cd\u017ce piwne s\u0105 cenionym sk\u0142adnikiem w \u017cywieniu koni. Wspieraj\u0105 one zdrowy rozw\u00f3j mi\u0119\u015bni, utrzymanie energii oraz popraw\u0119 kondycji sk\u00f3ry i sier\u015bci. <\/li>\n<li class=\"li3\"><b>Selen: <\/b>Dodatek selenu jest kluczowy dla utrzymania prawid\u0142owego funkcjonowania uk\u0142adu odporno\u015bciowego konia. Selen jest r\u00f3wnie\u017c niezb\u0119dny do prawid\u0142owego funkcjonowania mi\u0119\u015bni oraz utrzymania zdrowych kopyt. <\/li>\n<\/ul>\n\t\t\t\t\t\t\t\t<\/div>\n\t\t\t\t<\/div>\n\t\t\t\t<\/div>\n\t\t<div class=\"dce-visibility-event elementor-element elementor-element-92082bc e-con-full e-flex e-con e-child\" data-id=\"92082bc\" data-element_type=\"container\" data-e-type=\"container\" data-settings=\"{&quot;enabled_visibility&quot;:&quot;yes&quot;,&quot;dce_visibility_selected&quot;:&quot;yes&quot;}\">\n\t\t\t\t<div class=\"elementor-element elementor-element-711f648 elementor-widget elementor-widget-text-editor\" data-id=\"711f648\" data-element_type=\"widget\" data-e-type=\"widget\" data-widget_type=\"text-editor.default\">\n\t\t\t\t<div class=\"elementor-widget-container\">\n\t\t\t\t\t\t\t\t\t<p class=\"p1\"><b>Korzy\u015bci dla koni:<\/b><\/p>\n<ul class=\"ul1\">\n<li class=\"li2\"><b>Wsparcie uk\u0142adu Odporno\u015bci:<\/b> Selen, jako sk\u0142adnik dro\u017cd\u017cy piwnych, wspomaga uk\u0142ad odporno\u015bciowy koni, chroni\u0105c je przed infekcjami i chorobami.<\/li>\n<li class=\"li2\"><b>Antyoksydacyjna Ochrona: <\/b>Selen, jako sk\u0142adnik enzym\u00f3w antyoksydacyjnych, mo\u017ce pomaga\u0107 w neutralizacji wolnych rodnik\u00f3w, kt\u00f3re mog\u0105 powodowa\u0107 stres oksydacyjny w organizmie. To mo\u017ce mie\u0107 znaczenie w zapobieganiu uszkodzeniom kom\u00f3rkowym, tak\u017ce w tkankach jelitowych. <\/li>\n<li class=\"li2\"><b>Zdrowa sk\u00f3ra i sier\u015b\u0107: <\/b>Witaminy z grupy B zawarte w dro\u017cd\u017cach piwnych wp\u0142ywaj\u0105 korzystnie na stan sk\u00f3ry i sier\u015bci, nadaj\u0105c im zdrowy i l\u015bni\u0105cy wygl\u0105d.<\/li>\n<li class=\"li2\"><b>Zdrowe mi\u0119\u015bnie i tkanka mi\u0119\u015bniowa: <\/b>Selen jest istotny dla utrzymania zdrowych mi\u0119\u015bni i sprawnej funkcji mi\u0119\u015bniowej. Pomaga w zapobieganiu mi\u0119\u015bniowym urazom oraz wspiera regeneracj\u0119 po intensywnym wysi\u0142ku fizycznym. <\/li>\n<li class=\"li2\"><b>Utrzymanie zdrowych kopyt: <\/b>Selen odgrywa istotn\u0105 rol\u0119 w utrzymaniu zdrowych kopyt, co jest kluczowe dla og\u00f3lnej sprawno\u015bci konia.<\/li>\n<li class=\"li3\"><b>Poprawa Fertylno\u015bci:<\/b> Odpowiednia ilo\u015b\u0107 selenu mo\u017ce wp\u0142ywa\u0107 korzystnie na p\u0142odno\u015b\u0107 koni. Selen bierze udzia\u0142 w procesie spermatogenezy u ogier\u00f3w i mo\u017ce wspomaga\u0107 zdrowe przebiegi ci\u0105\u017cy u klaczy. <\/li>\n<\/ul>\n\t\t\t\t\t\t\t\t<\/div>\n\t\t\t\t<\/div>\n\t\t\t\t<\/div>\n\t\t<div class=\"dce-visibility-event elementor-element elementor-element-665312f e-con-full e-flex e-con e-child\" data-id=\"665312f\" data-element_type=\"container\" data-e-type=\"container\" data-settings=\"{&quot;enabled_visibility&quot;:&quot;yes&quot;,&quot;dce_visibility_selected&quot;:&quot;yes&quot;}\">\n\t\t\t\t<div class=\"elementor-element elementor-element-9b6c83d elementor-widget elementor-widget-text-editor\" data-id=\"9b6c83d\" data-element_type=\"widget\" data-e-type=\"widget\" data-widget_type=\"text-editor.default\">\n\t\t\t\t<div class=\"elementor-widget-container\">\n\t\t\t\t\t\t\t\t\t<p class=\"p1\"><b>Sk\u0142ad: <\/b>dro\u017cd\u017ce piwne paszowe (Saccharomyces cerevisiae) &#8211; 99,58% oraz Excential Selenium 4000 &#8211; 0,415% (Selen organiczny &#8211; 0,16%)<\/p>\n\t\t\t\t\t\t\t\t<\/div>\n\t\t\t\t<\/div>\n\t\t\t\t<\/div>\n\t\t<div class=\"dce-visibility-event elementor-element elementor-element-187e7eb e-con-full e-flex e-con e-child\" data-id=\"187e7eb\" data-element_type=\"container\" data-e-type=\"container\" data-settings=\"{&quot;enabled_visibility&quot;:&quot;yes&quot;,&quot;dce_visibility_selected&quot;:&quot;yes&quot;}\">\n\t\t\t\t<div class=\"elementor-element elementor-element-e511ab2 elementor-widget elementor-widget-text-editor\" data-id=\"e511ab2\" data-element_type=\"widget\" data-e-type=\"widget\" data-widget_type=\"text-editor.default\">\n\t\t\t\t<div class=\"elementor-widget-container\">\n\t\t\t\t\t\t\t\t\t<p class=\"p1\"><b>Stosowanie: <\/b>150g (1 mg Se) &#8211; 300g (2 mg Se) produktu do codziennej dawki paszy konia, w zale\u017cno\u015bci od jego wagi i zapotrzebowania. Dostosuj ilo\u015b\u0107 do intensywno\u015bci trening\u00f3w oraz og\u00f3lnego stanu zdrowia konia. <\/p>\n\t\t\t\t\t\t\t\t<\/div>\n\t\t\t\t<\/div>\n\t\t\t\t<\/div>\n\t\t<div class=\"dce-visibility-event elementor-element elementor-element-a9b0323 e-con-full e-flex e-con e-child\" data-id=\"a9b0323\" data-element_type=\"container\" data-e-type=\"container\" data-settings=\"{&quot;enabled_visibility&quot;:&quot;yes&quot;,&quot;dce_visibility_selected&quot;:&quot;yes&quot;}\">\n\t\t\t\t<div class=\"elementor-element elementor-element-e0e85fb elementor-widget elementor-widget-text-editor\" data-id=\"e0e85fb\" data-element_type=\"widget\" data-e-type=\"widget\" data-widget_type=\"text-editor.default\">\n\t\t\t\t<div class=\"elementor-widget-container\">\n\t\t\t\t\t\t\t\t\t<p class=\"p1\"><b>Spos\u00f3b podania: <\/b>podawa\u0107 po uprzednim zmieszaniu z pokarmem.<\/p>\n\t\t\t\t\t\t\t\t<\/div>\n\t\t\t\t<\/div>\n\t\t\t\t<\/div>\n\t\t<div class=\"dce-visibility-event elementor-element elementor-element-38119c7 e-con-full e-flex e-con e-child\" data-id=\"38119c7\" data-element_type=\"container\" data-e-type=\"container\" data-settings=\"{&quot;enabled_visibility&quot;:&quot;yes&quot;,&quot;dce_visibility_selected&quot;:&quot;yes&quot;}\">\n\t\t\t\t<div class=\"elementor-element elementor-element-627caec elementor-widget elementor-widget-text-editor\" data-id=\"627caec\" data-element_type=\"widget\" data-e-type=\"widget\" data-widget_type=\"text-editor.default\">\n\t\t\t\t<div class=\"elementor-widget-container\">\n\t\t\t\t\t\t\t\t\t<p class=\"p1\"><b>Okres wa\u017cno\u015bci:<\/b> 12 miesi\u0119cy od daty produkcji.<\/p>\n\t\t\t\t\t\t\t\t<\/div>\n\t\t\t\t<\/div>\n\t\t\t\t<\/div>\n\t\t<div class=\"dce-visibility-event elementor-element elementor-element-2cb0d9a e-con-full e-flex e-con e-child\" data-id=\"2cb0d9a\" data-element_type=\"container\" data-e-type=\"container\" data-settings=\"{&quot;enabled_visibility&quot;:&quot;yes&quot;,&quot;dce_visibility_selected&quot;:&quot;yes&quot;}\">\n\t\t\t\t<div class=\"elementor-element elementor-element-c5de699 elementor-widget elementor-widget-text-editor\" data-id=\"c5de699\" data-element_type=\"widget\" data-e-type=\"widget\" data-widget_type=\"text-editor.default\">\n\t\t\t\t<div class=\"elementor-widget-container\">\n\t\t\t\t\t\t\t\t\t<p class=\"p1\"><span class=\"s1\"><b>Przechowywanie: <\/b><\/span>w szczelnie zamkni\u0119tym pojemniku w temperaturze pokojowej.<\/p>\n\t\t\t\t\t\t\t\t<\/div>\n\t\t\t\t<\/div>\n\t\t\t\t<\/div>\n\t\t<!-- dce invisible element 9bed51a --><!-- dce invisible element e3edcd8 --><!-- dce invisible element b59bf9b -->\t\t<\/div>\n\t\t\t\t<\/div>\n\t\t\n","protected":false},"excerpt":{"rendered":"<p class=\"p1\">Mieszanka paszowa uzupe\u0142niaj\u0105ca dla koni<\/p>\n<p class=\"p1\">Stworzona w celu zapewnienia kompleksowej piel\u0119gnacji i wsparcia zdrowia. Unikalne po\u0142\u0105czenie dro\u017cd\u017cy piwnych i selenu sprawia, \u017ce produkt ten stanowi doskona\u0142e uzupe\u0142nienie do codziennej diety koni, wp\u0142ywaj\u0105c pozytywnie na ich og\u00f3ln\u0105 kondycj\u0119 fizyczn\u0105. <\/p>\n","protected":false},"featured_media":3212,"template":"","meta":{"_acf_changed":false,"inline_featured_image":false},"product_brand":[],"product_cat":[147],"product_tag":[],"class_list":{"0":"post-4452","1":"product","2":"type-product","3":"status-publish","4":"has-post-thumbnail","6":"product_cat-drozdze-w-proszku-produkty-dla-koni","8":"first","9":"instock","10":"taxable","11":"shipping-taxable","12":"purchasable","13":"product-type-variable"},"acf":[],"yoast_head":"<!-- This site is optimized with the Yoast SEO plugin v27.5 - https:\/\/yoast.com\/product\/yoast-seo-wordpress\/ -->\n<title>Dro\u017cd\u017ce piwne paszowe + Selen w proszku dla koni - gempolgroup.com<\/title>\n<meta name=\"description\" content=\"[AnimalGlow\u00ae] Dodatki paszowe dla zwierz\u0105t - Konkurencyjne ceny - Sk\u0142adniki najwy\u017cszej jako\u015bci - Ponad 800 zaufanych gospodarstw i w\u0142a\u015bcicieli zwierz\u0105t na ca\u0142ym \u015bwiecie \u25b8 Witamy!\" \/>\n<meta name=\"robots\" content=\"index, follow, max-snippet:-1, max-image-preview:large, max-video-preview:-1\" \/>\n<link rel=\"canonical\" href=\"https:\/\/gempolgroup.com\/pl\/products\/produkty-dla-koni\/drozdze-w-proszku-produkty-dla-koni\/drozdze-piwne-paszowe-selen-dla-koni\/\" \/>\n<meta property=\"og:locale\" content=\"pl_PL\" \/>\n<meta property=\"og:type\" content=\"article\" \/>\n<meta property=\"og:title\" content=\"Dro\u017cd\u017ce piwne paszowe + Selen w proszku dla koni - gempolgroup.com\" \/>\n<meta property=\"og:description\" content=\"[AnimalGlow\u00ae] Dodatki paszowe dla zwierz\u0105t - Konkurencyjne ceny - Sk\u0142adniki najwy\u017cszej jako\u015bci - Ponad 800 zaufanych gospodarstw i w\u0142a\u015bcicieli zwierz\u0105t na ca\u0142ym \u015bwiecie \u25b8 Witamy!\" \/>\n<meta property=\"og:url\" content=\"https:\/\/gempolgroup.com\/pl\/products\/produkty-dla-koni\/drozdze-w-proszku-produkty-dla-koni\/drozdze-piwne-paszowe-selen-dla-koni\/\" \/>\n<meta property=\"og:site_name\" content=\"gempolgroup.com\" \/>\n<meta property=\"article:modified_time\" content=\"2025-01-17T15:51:04+00:00\" \/>\n<meta property=\"og:image\" content=\"https:\/\/gempolgroup.com\/wp-content\/uploads\/2024\/11\/Fodder-beer-yeast-Selenium-for-Horses-5kg.webp\" \/>\n\t<meta property=\"og:image:width\" content=\"1600\" \/>\n\t<meta property=\"og:image:height\" content=\"1600\" \/>\n\t<meta property=\"og:image:type\" content=\"image\/webp\" \/>\n<meta name=\"twitter:card\" content=\"summary_large_image\" \/>\n<script type=\"application\/ld+json\" class=\"yoast-schema-graph\">{\"@context\":\"https:\\\/\\\/schema.org\",\"@graph\":[{\"@type\":\"WebPage\",\"@id\":\"https:\\\/\\\/gempolgroup.com\\\/pl\\\/products\\\/produkty-dla-koni\\\/drozdze-w-proszku-produkty-dla-koni\\\/drozdze-piwne-paszowe-selen-dla-koni\\\/\",\"url\":\"https:\\\/\\\/gempolgroup.com\\\/pl\\\/products\\\/produkty-dla-koni\\\/drozdze-w-proszku-produkty-dla-koni\\\/drozdze-piwne-paszowe-selen-dla-koni\\\/\",\"name\":\"Dro\u017cd\u017ce piwne paszowe + Selen w proszku dla koni - gempolgroup.com\",\"isPartOf\":{\"@id\":\"https:\\\/\\\/gempolgroup.com\\\/pl\\\/#website\"},\"primaryImageOfPage\":{\"@id\":\"https:\\\/\\\/gempolgroup.com\\\/pl\\\/products\\\/produkty-dla-koni\\\/drozdze-w-proszku-produkty-dla-koni\\\/drozdze-piwne-paszowe-selen-dla-koni\\\/#primaryimage\"},\"image\":{\"@id\":\"https:\\\/\\\/gempolgroup.com\\\/pl\\\/products\\\/produkty-dla-koni\\\/drozdze-w-proszku-produkty-dla-koni\\\/drozdze-piwne-paszowe-selen-dla-koni\\\/#primaryimage\"},\"thumbnailUrl\":\"https:\\\/\\\/gempolgroup.com\\\/wp-content\\\/uploads\\\/2024\\\/11\\\/Fodder-beer-yeast-Selenium-for-Horses-5kg.webp\",\"datePublished\":\"2024-11-21T23:13:58+00:00\",\"dateModified\":\"2025-01-17T15:51:04+00:00\",\"description\":\"[AnimalGlow\u00ae] Dodatki paszowe dla zwierz\u0105t - Konkurencyjne ceny - Sk\u0142adniki najwy\u017cszej jako\u015bci - Ponad 800 zaufanych gospodarstw i w\u0142a\u015bcicieli zwierz\u0105t na ca\u0142ym \u015bwiecie \u25b8 Witamy!\",\"breadcrumb\":{\"@id\":\"https:\\\/\\\/gempolgroup.com\\\/pl\\\/products\\\/produkty-dla-koni\\\/drozdze-w-proszku-produkty-dla-koni\\\/drozdze-piwne-paszowe-selen-dla-koni\\\/#breadcrumb\"},\"inLanguage\":\"pl-PL\",\"potentialAction\":[{\"@type\":\"ReadAction\",\"target\":[\"https:\\\/\\\/gempolgroup.com\\\/pl\\\/products\\\/produkty-dla-koni\\\/drozdze-w-proszku-produkty-dla-koni\\\/drozdze-piwne-paszowe-selen-dla-koni\\\/\"]}]},{\"@type\":\"ImageObject\",\"inLanguage\":\"pl-PL\",\"@id\":\"https:\\\/\\\/gempolgroup.com\\\/pl\\\/products\\\/produkty-dla-koni\\\/drozdze-w-proszku-produkty-dla-koni\\\/drozdze-piwne-paszowe-selen-dla-koni\\\/#primaryimage\",\"url\":\"https:\\\/\\\/gempolgroup.com\\\/wp-content\\\/uploads\\\/2024\\\/11\\\/Fodder-beer-yeast-Selenium-for-Horses-5kg.webp\",\"contentUrl\":\"https:\\\/\\\/gempolgroup.com\\\/wp-content\\\/uploads\\\/2024\\\/11\\\/Fodder-beer-yeast-Selenium-for-Horses-5kg.webp\",\"width\":1600,\"height\":1600},{\"@type\":\"BreadcrumbList\",\"@id\":\"https:\\\/\\\/gempolgroup.com\\\/pl\\\/products\\\/produkty-dla-koni\\\/drozdze-w-proszku-produkty-dla-koni\\\/drozdze-piwne-paszowe-selen-dla-koni\\\/#breadcrumb\",\"itemListElement\":[{\"@type\":\"ListItem\",\"position\":1,\"name\":\"Strona g\u0142\u00f3wna\",\"item\":\"https:\\\/\\\/gempolgroup.com\\\/pl\\\/\"},{\"@type\":\"ListItem\",\"position\":2,\"name\":\"Produkty\",\"item\":\"https:\\\/\\\/gempolgroup.com\\\/pl\\\/products\\\/\"},{\"@type\":\"ListItem\",\"position\":3,\"name\":\"Produkty dla koni\",\"item\":\"https:\\\/\\\/gempolgroup.com\\\/pl\\\/kategoria-produktu\\\/produkty-dla-koni\\\/\"},{\"@type\":\"ListItem\",\"position\":4,\"name\":\"Dro\u017cd\u017ce w proszku\",\"item\":\"https:\\\/\\\/gempolgroup.com\\\/pl\\\/kategoria-produktu\\\/produkty-dla-koni\\\/drozdze-w-proszku-produkty-dla-koni\\\/\"},{\"@type\":\"ListItem\",\"position\":5,\"name\":\"Dro\u017cd\u017ce piwne paszowe + Selen w proszku dla koni\"}]},{\"@type\":\"WebSite\",\"@id\":\"https:\\\/\\\/gempolgroup.com\\\/pl\\\/#website\",\"url\":\"https:\\\/\\\/gempolgroup.com\\\/pl\\\/\",\"name\":\"gempolgroup.com\",\"description\":\"Dodatki paszowe dla zwierz\u0105t od producenta.\",\"publisher\":{\"@id\":\"https:\\\/\\\/gempolgroup.com\\\/pl\\\/#organization\"},\"potentialAction\":[{\"@type\":\"SearchAction\",\"target\":{\"@type\":\"EntryPoint\",\"urlTemplate\":\"https:\\\/\\\/gempolgroup.com\\\/pl\\\/?s={search_term_string}\"},\"query-input\":{\"@type\":\"PropertyValueSpecification\",\"valueRequired\":true,\"valueName\":\"search_term_string\"}}],\"inLanguage\":\"pl-PL\"},{\"@type\":\"Organization\",\"@id\":\"https:\\\/\\\/gempolgroup.com\\\/pl\\\/#organization\",\"name\":\"gempolgroup.com\",\"url\":\"https:\\\/\\\/gempolgroup.com\\\/pl\\\/\",\"logo\":{\"@type\":\"ImageObject\",\"inLanguage\":\"pl-PL\",\"@id\":\"https:\\\/\\\/gempolgroup.com\\\/pl\\\/#\\\/schema\\\/logo\\\/image\\\/\",\"url\":\"https:\\\/\\\/gempolgroup.com\\\/wp-content\\\/uploads\\\/2024\\\/10\\\/logo-animal-glow-full.svg\",\"contentUrl\":\"https:\\\/\\\/gempolgroup.com\\\/wp-content\\\/uploads\\\/2024\\\/10\\\/logo-animal-glow-full.svg\",\"width\":170,\"height\":28,\"caption\":\"gempolgroup.com\"},\"image\":{\"@id\":\"https:\\\/\\\/gempolgroup.com\\\/pl\\\/#\\\/schema\\\/logo\\\/image\\\/\"}}]}<\/script>\n<!-- \/ Yoast SEO plugin. -->","yoast_head_json":{"title":"Dro\u017cd\u017ce piwne paszowe + Selen w proszku dla koni - gempolgroup.com","description":"[AnimalGlow\u00ae] Dodatki paszowe dla zwierz\u0105t - Konkurencyjne ceny - Sk\u0142adniki najwy\u017cszej jako\u015bci - Ponad 800 zaufanych gospodarstw i w\u0142a\u015bcicieli zwierz\u0105t na ca\u0142ym \u015bwiecie \u25b8 Witamy!","robots":{"index":"index","follow":"follow","max-snippet":"max-snippet:-1","max-image-preview":"max-image-preview:large","max-video-preview":"max-video-preview:-1"},"canonical":"https:\/\/gempolgroup.com\/pl\/products\/produkty-dla-koni\/drozdze-w-proszku-produkty-dla-koni\/drozdze-piwne-paszowe-selen-dla-koni\/","og_locale":"pl_PL","og_type":"article","og_title":"Dro\u017cd\u017ce piwne paszowe + Selen w proszku dla koni - gempolgroup.com","og_description":"[AnimalGlow\u00ae] Dodatki paszowe dla zwierz\u0105t - Konkurencyjne ceny - Sk\u0142adniki najwy\u017cszej jako\u015bci - Ponad 800 zaufanych gospodarstw i w\u0142a\u015bcicieli zwierz\u0105t na ca\u0142ym \u015bwiecie \u25b8 Witamy!","og_url":"https:\/\/gempolgroup.com\/pl\/products\/produkty-dla-koni\/drozdze-w-proszku-produkty-dla-koni\/drozdze-piwne-paszowe-selen-dla-koni\/","og_site_name":"gempolgroup.com","article_modified_time":"2025-01-17T15:51:04+00:00","og_image":[{"width":1600,"height":1600,"url":"https:\/\/gempolgroup.com\/wp-content\/uploads\/2024\/11\/Fodder-beer-yeast-Selenium-for-Horses-5kg.webp","type":"image\/webp"}],"twitter_card":"summary_large_image","schema":{"@context":"https:\/\/schema.org","@graph":[{"@type":"WebPage","@id":"https:\/\/gempolgroup.com\/pl\/products\/produkty-dla-koni\/drozdze-w-proszku-produkty-dla-koni\/drozdze-piwne-paszowe-selen-dla-koni\/","url":"https:\/\/gempolgroup.com\/pl\/products\/produkty-dla-koni\/drozdze-w-proszku-produkty-dla-koni\/drozdze-piwne-paszowe-selen-dla-koni\/","name":"Dro\u017cd\u017ce piwne paszowe + Selen w proszku dla koni - gempolgroup.com","isPartOf":{"@id":"https:\/\/gempolgroup.com\/pl\/#website"},"primaryImageOfPage":{"@id":"https:\/\/gempolgroup.com\/pl\/products\/produkty-dla-koni\/drozdze-w-proszku-produkty-dla-koni\/drozdze-piwne-paszowe-selen-dla-koni\/#primaryimage"},"image":{"@id":"https:\/\/gempolgroup.com\/pl\/products\/produkty-dla-koni\/drozdze-w-proszku-produkty-dla-koni\/drozdze-piwne-paszowe-selen-dla-koni\/#primaryimage"},"thumbnailUrl":"https:\/\/gempolgroup.com\/wp-content\/uploads\/2024\/11\/Fodder-beer-yeast-Selenium-for-Horses-5kg.webp","datePublished":"2024-11-21T23:13:58+00:00","dateModified":"2025-01-17T15:51:04+00:00","description":"[AnimalGlow\u00ae] Dodatki paszowe dla zwierz\u0105t - Konkurencyjne ceny - Sk\u0142adniki najwy\u017cszej jako\u015bci - Ponad 800 zaufanych gospodarstw i w\u0142a\u015bcicieli zwierz\u0105t na ca\u0142ym \u015bwiecie \u25b8 Witamy!","breadcrumb":{"@id":"https:\/\/gempolgroup.com\/pl\/products\/produkty-dla-koni\/drozdze-w-proszku-produkty-dla-koni\/drozdze-piwne-paszowe-selen-dla-koni\/#breadcrumb"},"inLanguage":"pl-PL","potentialAction":[{"@type":"ReadAction","target":["https:\/\/gempolgroup.com\/pl\/products\/produkty-dla-koni\/drozdze-w-proszku-produkty-dla-koni\/drozdze-piwne-paszowe-selen-dla-koni\/"]}]},{"@type":"ImageObject","inLanguage":"pl-PL","@id":"https:\/\/gempolgroup.com\/pl\/products\/produkty-dla-koni\/drozdze-w-proszku-produkty-dla-koni\/drozdze-piwne-paszowe-selen-dla-koni\/#primaryimage","url":"https:\/\/gempolgroup.com\/wp-content\/uploads\/2024\/11\/Fodder-beer-yeast-Selenium-for-Horses-5kg.webp","contentUrl":"https:\/\/gempolgroup.com\/wp-content\/uploads\/2024\/11\/Fodder-beer-yeast-Selenium-for-Horses-5kg.webp","width":1600,"height":1600},{"@type":"BreadcrumbList","@id":"https:\/\/gempolgroup.com\/pl\/products\/produkty-dla-koni\/drozdze-w-proszku-produkty-dla-koni\/drozdze-piwne-paszowe-selen-dla-koni\/#breadcrumb","itemListElement":[{"@type":"ListItem","position":1,"name":"Strona g\u0142\u00f3wna","item":"https:\/\/gempolgroup.com\/pl\/"},{"@type":"ListItem","position":2,"name":"Produkty","item":"https:\/\/gempolgroup.com\/pl\/products\/"},{"@type":"ListItem","position":3,"name":"Produkty dla koni","item":"https:\/\/gempolgroup.com\/pl\/kategoria-produktu\/produkty-dla-koni\/"},{"@type":"ListItem","position":4,"name":"Dro\u017cd\u017ce w proszku","item":"https:\/\/gempolgroup.com\/pl\/kategoria-produktu\/produkty-dla-koni\/drozdze-w-proszku-produkty-dla-koni\/"},{"@type":"ListItem","position":5,"name":"Dro\u017cd\u017ce piwne paszowe + Selen w proszku dla koni"}]},{"@type":"WebSite","@id":"https:\/\/gempolgroup.com\/pl\/#website","url":"https:\/\/gempolgroup.com\/pl\/","name":"gempolgroup.com","description":"Dodatki paszowe dla zwierz\u0105t od producenta.","publisher":{"@id":"https:\/\/gempolgroup.com\/pl\/#organization"},"potentialAction":[{"@type":"SearchAction","target":{"@type":"EntryPoint","urlTemplate":"https:\/\/gempolgroup.com\/pl\/?s={search_term_string}"},"query-input":{"@type":"PropertyValueSpecification","valueRequired":true,"valueName":"search_term_string"}}],"inLanguage":"pl-PL"},{"@type":"Organization","@id":"https:\/\/gempolgroup.com\/pl\/#organization","name":"gempolgroup.com","url":"https:\/\/gempolgroup.com\/pl\/","logo":{"@type":"ImageObject","inLanguage":"pl-PL","@id":"https:\/\/gempolgroup.com\/pl\/#\/schema\/logo\/image\/","url":"https:\/\/gempolgroup.com\/wp-content\/uploads\/2024\/10\/logo-animal-glow-full.svg","contentUrl":"https:\/\/gempolgroup.com\/wp-content\/uploads\/2024\/10\/logo-animal-glow-full.svg","width":170,"height":28,"caption":"gempolgroup.com"},"image":{"@id":"https:\/\/gempolgroup.com\/pl\/#\/schema\/logo\/image\/"}}]}},"_links":{"self":[{"href":"https:\/\/gempolgroup.com\/pl\/wp-json\/wp\/v2\/product\/4452","targetHints":{"allow":["GET"]}}],"collection":[{"href":"https:\/\/gempolgroup.com\/pl\/wp-json\/wp\/v2\/product"}],"about":[{"href":"https:\/\/gempolgroup.com\/pl\/wp-json\/wp\/v2\/types\/product"}],"wp:featuredmedia":[{"embeddable":true,"href":"https:\/\/gempolgroup.com\/pl\/wp-json\/wp\/v2\/media\/3212"}],"wp:attachment":[{"href":"https:\/\/gempolgroup.com\/pl\/wp-json\/wp\/v2\/media?parent=4452"}],"wp:term":[{"taxonomy":"product_brand","embeddable":true,"href":"https:\/\/gempolgroup.com\/pl\/wp-json\/wp\/v2\/product_brand?post=4452"},{"taxonomy":"product_cat","embeddable":true,"href":"https:\/\/gempolgroup.com\/pl\/wp-json\/wp\/v2\/product_cat?post=4452"},{"taxonomy":"product_tag","embeddable":true,"href":"https:\/\/gempolgroup.com\/pl\/wp-json\/wp\/v2\/product_tag?post=4452"}],"curies":[{"name":"wp","href":"https:\/\/api.w.org\/{rel}","templated":true}]}}