{"id":4423,"date":"2024-11-22T23:46:04","date_gmt":"2024-11-22T22:46:04","guid":{"rendered":"https:\/\/gempolgroup.com\/products\/bez-kategorii\/%ce%b2-glukan-dla-psow-i-kotow\/"},"modified":"2025-01-17T17:08:01","modified_gmt":"2025-01-17T16:08:01","slug":"%ce%b2-glukan-dla-psow-i-kotow","status":"publish","type":"product","link":"https:\/\/gempolgroup.com\/pl\/products\/produkty-dla-kotow-i-psow\/%ce%b2-glukan-dla-psow-i-kotow\/","title":{"rendered":"\u03b2-Glukan dla psa i kota"},"content":{"rendered":"\t\t<div data-elementor-type=\"section\" data-elementor-id=\"4208\" class=\"elementor elementor-4208 elementor-2324\" data-elementor-post-type=\"elementor_library\">\n\t\t\t<div class=\"elementor-element elementor-element-54c8c67 e-con-full e-flex e-con e-parent\" data-id=\"54c8c67\" data-element_type=\"container\" data-e-type=\"container\">\n\t\t<div class=\"dce-visibility-event elementor-element elementor-element-b054f81 e-con-full e-flex e-con e-child\" data-id=\"b054f81\" data-element_type=\"container\" data-e-type=\"container\" data-settings=\"{&quot;enabled_visibility&quot;:&quot;yes&quot;,&quot;dce_visibility_selected&quot;:&quot;yes&quot;}\">\n\t\t\t\t<div class=\"elementor-element elementor-element-1e5abaf elementor-widget elementor-widget-text-editor\" data-id=\"1e5abaf\" data-element_type=\"widget\" data-e-type=\"widget\" data-widget_type=\"text-editor.default\">\n\t\t\t\t<div class=\"elementor-widget-container\">\n\t\t\t\t\t\t\t\t\t<p class=\"p1\"><b>Kluczowe aspekty:<\/b><\/p>\n<ol>\n<li style=\"list-style-type: none\">\n<ol class=\"ol1\">\n<li class=\"li2\"><span class=\"s2\"><b>Immunomodulacja i odporno\u015b\u0107: <\/b>Beta-glukany s\u0105 znane ze swojej zdolno\u015bci do aktywowania kom\u00f3rek uk\u0142adu immunologicznego. Stanowi\u0105 one naturalny spos\u00f3b na wspieranie odporno\u015bci u ps\u00f3w i kot\u00f3w, co jest szczeg\u00f3lnie istotne w zmiennej atmosferze \u015brodowiska. <\/span><\/li>\n<li class=\"li2\"><span class=\"s2\"><b>Prebiotyczne w\u0142a\u015bciwo\u015bci MOS: <\/b>Mannanooligosacharydy (MOS) dzia\u0142aj\u0105 jako prebiotyk, sprzyjaj\u0105c korzystnym bakteriom jelitowym. To kluczowe dla utrzymania zdrowego uk\u0142adu pokarmowego i zapobiegania problemom trawiennym. <\/span><\/li>\n<li class=\"li3\"><span class=\"s2\"><b>Wysoka jako\u015b\u0107 proteiny: <\/b>Produkt dostarcza istotnych ilo\u015bci wysokiej jako\u015bci proteiny, niezb\u0119dnych do utrzymania prawid\u0142owego stanu fizycznego i energetycznego ps\u00f3w i kot\u00f3w.<\/span><\/li>\n<\/ol>\n<\/li>\n<\/ol>\n\t\t\t\t\t\t\t\t<\/div>\n\t\t\t\t<\/div>\n\t\t\t\t<\/div>\n\t\t<div class=\"dce-visibility-event elementor-element elementor-element-92082bc e-con-full e-flex e-con e-child\" data-id=\"92082bc\" data-element_type=\"container\" data-e-type=\"container\" data-settings=\"{&quot;enabled_visibility&quot;:&quot;yes&quot;,&quot;dce_visibility_selected&quot;:&quot;yes&quot;}\">\n\t\t\t\t<div class=\"elementor-element elementor-element-711f648 elementor-widget elementor-widget-text-editor\" data-id=\"711f648\" data-element_type=\"widget\" data-e-type=\"widget\" data-widget_type=\"text-editor.default\">\n\t\t\t\t<div class=\"elementor-widget-container\">\n\t\t\t\t\t\t\t\t\t<p class=\"p1\"><b>Zastosowanie:<\/b><\/p>\n<ul class=\"ul1\">\n<li class=\"li2\"><span class=\"s2\">Dla zwierz\u0105t nara\u017conych na sytuacje stresowe, jak zmiany otoczenia czy kontakty z innymi zwierz\u0119tami.<\/span><\/li>\n<li class=\"li2\"><span class=\"s2\">Dla zwierz\u0105t o obni\u017conej odporno\u015bci, na przyk\u0142ad po przebytych chorobach.<\/span><\/li>\n<li class=\"li2\"><span class=\"s2\">Dla starszych zwierz\u0105t, kt\u00f3rych uk\u0142ad odporno\u015bciowy mo\u017ce wymaga\u0107 dodatkowego wsparcia, beta-glukany mog\u0105 pom\u00f3c w utrzymaniu zdrowego procesu starzenia si\u0119.<\/span><\/li>\n<li class=\"li2\"><span class=\"s2\">Przy zmianach diety lub otoczenia, MOS jako prebiotyk mo\u017ce pom\u00f3c w utrzymaniu zdrowej r\u00f3wnowagi bakterii jelitowych, co przek\u0142ada si\u0119 na dobre funkcjonowanie uk\u0142adu trawiennego.<\/span><\/li>\n<li class=\"li2\"><span class=\"s2\">W sytuacjach stresowych, takich jak przeprowadzki, nowe otoczenie czy zmiany w harmonogramie \u017cycia zwierz\u0119cia, beta-glukany mog\u0105 pom\u00f3c w utrzymaniu r\u00f3wnowagi uk\u0142adu immunologicznego i redukcji skutk\u00f3w stresu.<\/span><\/li>\n<li class=\"li3\"><span class=\"s2\">Dla ps\u00f3w i kot\u00f3w nara\u017conych na zmienne warunki atmosferyczne czy \u015brodowiskowe, produkt oferuje wsparcie dla ich uk\u0142adu immunologicznego, pomagaj\u0105c w lepszym radzeniu sobie z potencjalnymi infekcjami.<\/span><span class=\"s3\">.<\/span><\/li>\n<\/ul>\n\t\t\t\t\t\t\t\t<\/div>\n\t\t\t\t<\/div>\n\t\t\t\t<\/div>\n\t\t<div class=\"dce-visibility-event elementor-element elementor-element-665312f e-con-full e-flex e-con e-child\" data-id=\"665312f\" data-element_type=\"container\" data-e-type=\"container\" data-settings=\"{&quot;enabled_visibility&quot;:&quot;yes&quot;,&quot;dce_visibility_selected&quot;:&quot;yes&quot;}\">\n\t\t\t\t<div class=\"elementor-element elementor-element-9b6c83d elementor-widget elementor-widget-text-editor\" data-id=\"9b6c83d\" data-element_type=\"widget\" data-e-type=\"widget\" data-widget_type=\"text-editor.default\">\n\t\t\t\t<div class=\"elementor-widget-container\">\n\t\t\t\t\t\t\t\t\t<p class=\"p1\"><b>Sk\u0142ad: <\/b>\u03b2-glukany uzyskiwane z Saccharomyces cerevisiae<\/p>\n\t\t\t\t\t\t\t\t<\/div>\n\t\t\t\t<\/div>\n\t\t\t\t<\/div>\n\t\t<div class=\"dce-visibility-event elementor-element elementor-element-187e7eb e-con-full e-flex e-con e-child\" data-id=\"187e7eb\" data-element_type=\"container\" data-e-type=\"container\" data-settings=\"{&quot;enabled_visibility&quot;:&quot;yes&quot;,&quot;dce_visibility_selected&quot;:&quot;yes&quot;}\">\n\t\t\t\t<div class=\"elementor-element elementor-element-e511ab2 elementor-widget elementor-widget-text-editor\" data-id=\"e511ab2\" data-element_type=\"widget\" data-e-type=\"widget\" data-widget_type=\"text-editor.default\">\n\t\t\t\t<div class=\"elementor-widget-container\">\n\t\t\t\t\t\t\t\t\t<p class=\"p1\"><b>Stosowanie:<\/b><\/p>\n<p class=\"p1\">Koty i psy do 10 kg m.c: 1g<\/p>\n<p class=\"p1\">Psy 10-20 kg m.c.: 2 g<\/p>\n<p class=\"p1\">Psy 20-30 kg m.c.: 3 g<\/p>\n<p class=\"p1\">Psy powy\u017cej 30 kg m.c: 4g<\/p>\n<p class=\"p1\">W przypadku suplementowania surowej diety na ka\u017cdy kilogram mi\u0119sa podawa\u0107 2g preparatu.<\/p>\n\t\t\t\t\t\t\t\t<\/div>\n\t\t\t\t<\/div>\n\t\t\t\t<\/div>\n\t\t<div class=\"dce-visibility-event elementor-element elementor-element-a9b0323 e-con-full e-flex e-con e-child\" data-id=\"a9b0323\" data-element_type=\"container\" data-e-type=\"container\" data-settings=\"{&quot;enabled_visibility&quot;:&quot;yes&quot;,&quot;dce_visibility_selected&quot;:&quot;yes&quot;}\">\n\t\t\t\t<div class=\"elementor-element elementor-element-e0e85fb elementor-widget elementor-widget-text-editor\" data-id=\"e0e85fb\" data-element_type=\"widget\" data-e-type=\"widget\" data-widget_type=\"text-editor.default\">\n\t\t\t\t<div class=\"elementor-widget-container\">\n\t\t\t\t\t\t\t\t\t<p class=\"p1\"><b>Spos\u00f3b podania: <\/b>podawa\u0107 po uprzednim zmieszaniu z pokarmem.<\/p>\n\t\t\t\t\t\t\t\t<\/div>\n\t\t\t\t<\/div>\n\t\t\t\t<\/div>\n\t\t<div class=\"dce-visibility-event elementor-element elementor-element-38119c7 e-con-full e-flex e-con e-child\" data-id=\"38119c7\" data-element_type=\"container\" data-e-type=\"container\" data-settings=\"{&quot;enabled_visibility&quot;:&quot;yes&quot;,&quot;dce_visibility_selected&quot;:&quot;yes&quot;}\">\n\t\t\t\t<div class=\"elementor-element elementor-element-627caec elementor-widget elementor-widget-text-editor\" data-id=\"627caec\" data-element_type=\"widget\" data-e-type=\"widget\" data-widget_type=\"text-editor.default\">\n\t\t\t\t<div class=\"elementor-widget-container\">\n\t\t\t\t\t\t\t\t\t<p class=\"p1\"><b>Okres wa\u017cno\u015bci:<\/b> 18 miesi\u0119cy od daty produkcji.<\/p>\n\t\t\t\t\t\t\t\t<\/div>\n\t\t\t\t<\/div>\n\t\t\t\t<\/div>\n\t\t<div class=\"dce-visibility-event elementor-element elementor-element-2cb0d9a e-con-full e-flex e-con e-child\" data-id=\"2cb0d9a\" data-element_type=\"container\" data-e-type=\"container\" data-settings=\"{&quot;enabled_visibility&quot;:&quot;yes&quot;,&quot;dce_visibility_selected&quot;:&quot;yes&quot;}\">\n\t\t\t\t<div class=\"elementor-element elementor-element-c5de699 elementor-widget elementor-widget-text-editor\" data-id=\"c5de699\" data-element_type=\"widget\" data-e-type=\"widget\" data-widget_type=\"text-editor.default\">\n\t\t\t\t<div class=\"elementor-widget-container\">\n\t\t\t\t\t\t\t\t\t<p class=\"p1\"><span class=\"s1\"><b>Przechowywanie: <\/b><\/span>w szczelnie zamkni\u0119tym pojemniku w temperaturze pokojowej.<\/p>\n\t\t\t\t\t\t\t\t<\/div>\n\t\t\t\t<\/div>\n\t\t\t\t<\/div>\n\t\t<!-- dce invisible element 9bed51a --><!-- dce invisible element e3edcd8 --><!-- dce invisible element b59bf9b -->\t\t<\/div>\n\t\t\t\t<\/div>\n\t\t\n","protected":false},"excerpt":{"rendered":"<p class=\"p1\"><b>\u03b2-Glukan <\/b>to frakcja dro\u017cd\u017cy bogata w <b>mannanooligosacharydy (MOS) i beta-glukany (1,3 i 1,6)<\/b>. Jest produkowana poprzez hydroliz\u0119 dro\u017cd\u017cy pochodz\u0105cych z kultury Saccharomyces cerevisiae. <\/p>\n","protected":false},"featured_media":3287,"template":"","meta":{"_acf_changed":false,"inline_featured_image":false},"product_brand":[],"product_cat":[144],"product_tag":[],"class_list":{"0":"post-4423","1":"product","2":"type-product","3":"status-publish","4":"has-post-thumbnail","6":"product_cat-produkty-dla-kotow-i-psow","8":"first","9":"instock","10":"taxable","11":"shipping-taxable","12":"purchasable","13":"product-type-variable"},"acf":[],"yoast_head":"<!-- This site is optimized with the Yoast SEO plugin v27.5 - https:\/\/yoast.com\/product\/yoast-seo-wordpress\/ -->\n<title>\u03b2-Glukan dla psa i kota - gempolgroup.com<\/title>\n<meta name=\"description\" content=\"[AnimalGlow\u00ae] Dodatki paszowe dla zwierz\u0105t - Konkurencyjne ceny - Sk\u0142adniki najwy\u017cszej jako\u015bci - Ponad 800 zaufanych gospodarstw i w\u0142a\u015bcicieli zwierz\u0105t na ca\u0142ym \u015bwiecie \u25b8 Witamy!\" \/>\n<meta name=\"robots\" content=\"index, follow, max-snippet:-1, max-image-preview:large, max-video-preview:-1\" \/>\n<link rel=\"canonical\" href=\"https:\/\/gempolgroup.com\/pl\/products\/produkty-dla-kotow-i-psow\/%ce%b2-glukan-dla-psow-i-kotow\/\" \/>\n<meta property=\"og:locale\" content=\"pl_PL\" \/>\n<meta property=\"og:type\" content=\"article\" \/>\n<meta property=\"og:title\" content=\"\u03b2-Glukan dla psa i kota - gempolgroup.com\" \/>\n<meta property=\"og:description\" content=\"[AnimalGlow\u00ae] Dodatki paszowe dla zwierz\u0105t - Konkurencyjne ceny - Sk\u0142adniki najwy\u017cszej jako\u015bci - Ponad 800 zaufanych gospodarstw i w\u0142a\u015bcicieli zwierz\u0105t na ca\u0142ym \u015bwiecie \u25b8 Witamy!\" \/>\n<meta property=\"og:url\" content=\"https:\/\/gempolgroup.com\/pl\/products\/produkty-dla-kotow-i-psow\/%ce%b2-glukan-dla-psow-i-kotow\/\" \/>\n<meta property=\"og:site_name\" content=\"gempolgroup.com\" \/>\n<meta property=\"article:modified_time\" content=\"2025-01-17T16:08:01+00:00\" \/>\n<meta property=\"og:image\" content=\"https:\/\/gempolgroup.com\/wp-content\/uploads\/2024\/11\/\u03b2-Glucan-for-dog-and-cat-100g.webp\" \/>\n\t<meta property=\"og:image:width\" content=\"1600\" \/>\n\t<meta property=\"og:image:height\" content=\"1600\" \/>\n\t<meta property=\"og:image:type\" content=\"image\/webp\" \/>\n<meta name=\"twitter:card\" content=\"summary_large_image\" \/>\n<script type=\"application\/ld+json\" class=\"yoast-schema-graph\">{\"@context\":\"https:\\\/\\\/schema.org\",\"@graph\":[{\"@type\":\"WebPage\",\"@id\":\"https:\\\/\\\/gempolgroup.com\\\/pl\\\/products\\\/produkty-dla-kotow-i-psow\\\/%ce%b2-glukan-dla-psow-i-kotow\\\/\",\"url\":\"https:\\\/\\\/gempolgroup.com\\\/pl\\\/products\\\/produkty-dla-kotow-i-psow\\\/%ce%b2-glukan-dla-psow-i-kotow\\\/\",\"name\":\"\u03b2-Glukan dla psa i kota - gempolgroup.com\",\"isPartOf\":{\"@id\":\"https:\\\/\\\/gempolgroup.com\\\/pl\\\/#website\"},\"primaryImageOfPage\":{\"@id\":\"https:\\\/\\\/gempolgroup.com\\\/pl\\\/products\\\/produkty-dla-kotow-i-psow\\\/%ce%b2-glukan-dla-psow-i-kotow\\\/#primaryimage\"},\"image\":{\"@id\":\"https:\\\/\\\/gempolgroup.com\\\/pl\\\/products\\\/produkty-dla-kotow-i-psow\\\/%ce%b2-glukan-dla-psow-i-kotow\\\/#primaryimage\"},\"thumbnailUrl\":\"https:\\\/\\\/gempolgroup.com\\\/wp-content\\\/uploads\\\/2024\\\/11\\\/\u03b2-Glucan-for-dog-and-cat-100g.webp\",\"datePublished\":\"2024-11-22T22:46:04+00:00\",\"dateModified\":\"2025-01-17T16:08:01+00:00\",\"description\":\"[AnimalGlow\u00ae] Dodatki paszowe dla zwierz\u0105t - Konkurencyjne ceny - Sk\u0142adniki najwy\u017cszej jako\u015bci - Ponad 800 zaufanych gospodarstw i w\u0142a\u015bcicieli zwierz\u0105t na ca\u0142ym \u015bwiecie \u25b8 Witamy!\",\"breadcrumb\":{\"@id\":\"https:\\\/\\\/gempolgroup.com\\\/pl\\\/products\\\/produkty-dla-kotow-i-psow\\\/%ce%b2-glukan-dla-psow-i-kotow\\\/#breadcrumb\"},\"inLanguage\":\"pl-PL\",\"potentialAction\":[{\"@type\":\"ReadAction\",\"target\":[\"https:\\\/\\\/gempolgroup.com\\\/pl\\\/products\\\/produkty-dla-kotow-i-psow\\\/%ce%b2-glukan-dla-psow-i-kotow\\\/\"]}]},{\"@type\":\"ImageObject\",\"inLanguage\":\"pl-PL\",\"@id\":\"https:\\\/\\\/gempolgroup.com\\\/pl\\\/products\\\/produkty-dla-kotow-i-psow\\\/%ce%b2-glukan-dla-psow-i-kotow\\\/#primaryimage\",\"url\":\"https:\\\/\\\/gempolgroup.com\\\/wp-content\\\/uploads\\\/2024\\\/11\\\/\u03b2-Glucan-for-dog-and-cat-100g.webp\",\"contentUrl\":\"https:\\\/\\\/gempolgroup.com\\\/wp-content\\\/uploads\\\/2024\\\/11\\\/\u03b2-Glucan-for-dog-and-cat-100g.webp\",\"width\":1600,\"height\":1600},{\"@type\":\"BreadcrumbList\",\"@id\":\"https:\\\/\\\/gempolgroup.com\\\/pl\\\/products\\\/produkty-dla-kotow-i-psow\\\/%ce%b2-glukan-dla-psow-i-kotow\\\/#breadcrumb\",\"itemListElement\":[{\"@type\":\"ListItem\",\"position\":1,\"name\":\"Strona g\u0142\u00f3wna\",\"item\":\"https:\\\/\\\/gempolgroup.com\\\/pl\\\/\"},{\"@type\":\"ListItem\",\"position\":2,\"name\":\"Produkty\",\"item\":\"https:\\\/\\\/gempolgroup.com\\\/pl\\\/products\\\/\"},{\"@type\":\"ListItem\",\"position\":3,\"name\":\"Produkty dla kot\u00f3w i ps\u00f3w\",\"item\":\"https:\\\/\\\/gempolgroup.com\\\/pl\\\/kategoria-produktu\\\/produkty-dla-kotow-i-psow\\\/\"},{\"@type\":\"ListItem\",\"position\":4,\"name\":\"\u03b2-Glukan dla psa i kota\"}]},{\"@type\":\"WebSite\",\"@id\":\"https:\\\/\\\/gempolgroup.com\\\/pl\\\/#website\",\"url\":\"https:\\\/\\\/gempolgroup.com\\\/pl\\\/\",\"name\":\"gempolgroup.com\",\"description\":\"Dodatki paszowe dla zwierz\u0105t od producenta.\",\"publisher\":{\"@id\":\"https:\\\/\\\/gempolgroup.com\\\/pl\\\/#organization\"},\"potentialAction\":[{\"@type\":\"SearchAction\",\"target\":{\"@type\":\"EntryPoint\",\"urlTemplate\":\"https:\\\/\\\/gempolgroup.com\\\/pl\\\/?s={search_term_string}\"},\"query-input\":{\"@type\":\"PropertyValueSpecification\",\"valueRequired\":true,\"valueName\":\"search_term_string\"}}],\"inLanguage\":\"pl-PL\"},{\"@type\":\"Organization\",\"@id\":\"https:\\\/\\\/gempolgroup.com\\\/pl\\\/#organization\",\"name\":\"gempolgroup.com\",\"url\":\"https:\\\/\\\/gempolgroup.com\\\/pl\\\/\",\"logo\":{\"@type\":\"ImageObject\",\"inLanguage\":\"pl-PL\",\"@id\":\"https:\\\/\\\/gempolgroup.com\\\/pl\\\/#\\\/schema\\\/logo\\\/image\\\/\",\"url\":\"https:\\\/\\\/gempolgroup.com\\\/wp-content\\\/uploads\\\/2024\\\/10\\\/logo-animal-glow-full.svg\",\"contentUrl\":\"https:\\\/\\\/gempolgroup.com\\\/wp-content\\\/uploads\\\/2024\\\/10\\\/logo-animal-glow-full.svg\",\"width\":170,\"height\":28,\"caption\":\"gempolgroup.com\"},\"image\":{\"@id\":\"https:\\\/\\\/gempolgroup.com\\\/pl\\\/#\\\/schema\\\/logo\\\/image\\\/\"}}]}<\/script>\n<!-- \/ Yoast SEO plugin. -->","yoast_head_json":{"title":"\u03b2-Glukan dla psa i kota - gempolgroup.com","description":"[AnimalGlow\u00ae] Dodatki paszowe dla zwierz\u0105t - Konkurencyjne ceny - Sk\u0142adniki najwy\u017cszej jako\u015bci - Ponad 800 zaufanych gospodarstw i w\u0142a\u015bcicieli zwierz\u0105t na ca\u0142ym \u015bwiecie \u25b8 Witamy!","robots":{"index":"index","follow":"follow","max-snippet":"max-snippet:-1","max-image-preview":"max-image-preview:large","max-video-preview":"max-video-preview:-1"},"canonical":"https:\/\/gempolgroup.com\/pl\/products\/produkty-dla-kotow-i-psow\/%ce%b2-glukan-dla-psow-i-kotow\/","og_locale":"pl_PL","og_type":"article","og_title":"\u03b2-Glukan dla psa i kota - gempolgroup.com","og_description":"[AnimalGlow\u00ae] Dodatki paszowe dla zwierz\u0105t - Konkurencyjne ceny - Sk\u0142adniki najwy\u017cszej jako\u015bci - Ponad 800 zaufanych gospodarstw i w\u0142a\u015bcicieli zwierz\u0105t na ca\u0142ym \u015bwiecie \u25b8 Witamy!","og_url":"https:\/\/gempolgroup.com\/pl\/products\/produkty-dla-kotow-i-psow\/%ce%b2-glukan-dla-psow-i-kotow\/","og_site_name":"gempolgroup.com","article_modified_time":"2025-01-17T16:08:01+00:00","og_image":[{"width":1600,"height":1600,"url":"https:\/\/gempolgroup.com\/wp-content\/uploads\/2024\/11\/\u03b2-Glucan-for-dog-and-cat-100g.webp","type":"image\/webp"}],"twitter_card":"summary_large_image","schema":{"@context":"https:\/\/schema.org","@graph":[{"@type":"WebPage","@id":"https:\/\/gempolgroup.com\/pl\/products\/produkty-dla-kotow-i-psow\/%ce%b2-glukan-dla-psow-i-kotow\/","url":"https:\/\/gempolgroup.com\/pl\/products\/produkty-dla-kotow-i-psow\/%ce%b2-glukan-dla-psow-i-kotow\/","name":"\u03b2-Glukan dla psa i kota - gempolgroup.com","isPartOf":{"@id":"https:\/\/gempolgroup.com\/pl\/#website"},"primaryImageOfPage":{"@id":"https:\/\/gempolgroup.com\/pl\/products\/produkty-dla-kotow-i-psow\/%ce%b2-glukan-dla-psow-i-kotow\/#primaryimage"},"image":{"@id":"https:\/\/gempolgroup.com\/pl\/products\/produkty-dla-kotow-i-psow\/%ce%b2-glukan-dla-psow-i-kotow\/#primaryimage"},"thumbnailUrl":"https:\/\/gempolgroup.com\/wp-content\/uploads\/2024\/11\/\u03b2-Glucan-for-dog-and-cat-100g.webp","datePublished":"2024-11-22T22:46:04+00:00","dateModified":"2025-01-17T16:08:01+00:00","description":"[AnimalGlow\u00ae] Dodatki paszowe dla zwierz\u0105t - Konkurencyjne ceny - Sk\u0142adniki najwy\u017cszej jako\u015bci - Ponad 800 zaufanych gospodarstw i w\u0142a\u015bcicieli zwierz\u0105t na ca\u0142ym \u015bwiecie \u25b8 Witamy!","breadcrumb":{"@id":"https:\/\/gempolgroup.com\/pl\/products\/produkty-dla-kotow-i-psow\/%ce%b2-glukan-dla-psow-i-kotow\/#breadcrumb"},"inLanguage":"pl-PL","potentialAction":[{"@type":"ReadAction","target":["https:\/\/gempolgroup.com\/pl\/products\/produkty-dla-kotow-i-psow\/%ce%b2-glukan-dla-psow-i-kotow\/"]}]},{"@type":"ImageObject","inLanguage":"pl-PL","@id":"https:\/\/gempolgroup.com\/pl\/products\/produkty-dla-kotow-i-psow\/%ce%b2-glukan-dla-psow-i-kotow\/#primaryimage","url":"https:\/\/gempolgroup.com\/wp-content\/uploads\/2024\/11\/\u03b2-Glucan-for-dog-and-cat-100g.webp","contentUrl":"https:\/\/gempolgroup.com\/wp-content\/uploads\/2024\/11\/\u03b2-Glucan-for-dog-and-cat-100g.webp","width":1600,"height":1600},{"@type":"BreadcrumbList","@id":"https:\/\/gempolgroup.com\/pl\/products\/produkty-dla-kotow-i-psow\/%ce%b2-glukan-dla-psow-i-kotow\/#breadcrumb","itemListElement":[{"@type":"ListItem","position":1,"name":"Strona g\u0142\u00f3wna","item":"https:\/\/gempolgroup.com\/pl\/"},{"@type":"ListItem","position":2,"name":"Produkty","item":"https:\/\/gempolgroup.com\/pl\/products\/"},{"@type":"ListItem","position":3,"name":"Produkty dla kot\u00f3w i ps\u00f3w","item":"https:\/\/gempolgroup.com\/pl\/kategoria-produktu\/produkty-dla-kotow-i-psow\/"},{"@type":"ListItem","position":4,"name":"\u03b2-Glukan dla psa i kota"}]},{"@type":"WebSite","@id":"https:\/\/gempolgroup.com\/pl\/#website","url":"https:\/\/gempolgroup.com\/pl\/","name":"gempolgroup.com","description":"Dodatki paszowe dla zwierz\u0105t od producenta.","publisher":{"@id":"https:\/\/gempolgroup.com\/pl\/#organization"},"potentialAction":[{"@type":"SearchAction","target":{"@type":"EntryPoint","urlTemplate":"https:\/\/gempolgroup.com\/pl\/?s={search_term_string}"},"query-input":{"@type":"PropertyValueSpecification","valueRequired":true,"valueName":"search_term_string"}}],"inLanguage":"pl-PL"},{"@type":"Organization","@id":"https:\/\/gempolgroup.com\/pl\/#organization","name":"gempolgroup.com","url":"https:\/\/gempolgroup.com\/pl\/","logo":{"@type":"ImageObject","inLanguage":"pl-PL","@id":"https:\/\/gempolgroup.com\/pl\/#\/schema\/logo\/image\/","url":"https:\/\/gempolgroup.com\/wp-content\/uploads\/2024\/10\/logo-animal-glow-full.svg","contentUrl":"https:\/\/gempolgroup.com\/wp-content\/uploads\/2024\/10\/logo-animal-glow-full.svg","width":170,"height":28,"caption":"gempolgroup.com"},"image":{"@id":"https:\/\/gempolgroup.com\/pl\/#\/schema\/logo\/image\/"}}]}},"_links":{"self":[{"href":"https:\/\/gempolgroup.com\/pl\/wp-json\/wp\/v2\/product\/4423","targetHints":{"allow":["GET"]}}],"collection":[{"href":"https:\/\/gempolgroup.com\/pl\/wp-json\/wp\/v2\/product"}],"about":[{"href":"https:\/\/gempolgroup.com\/pl\/wp-json\/wp\/v2\/types\/product"}],"wp:featuredmedia":[{"embeddable":true,"href":"https:\/\/gempolgroup.com\/pl\/wp-json\/wp\/v2\/media\/3287"}],"wp:attachment":[{"href":"https:\/\/gempolgroup.com\/pl\/wp-json\/wp\/v2\/media?parent=4423"}],"wp:term":[{"taxonomy":"product_brand","embeddable":true,"href":"https:\/\/gempolgroup.com\/pl\/wp-json\/wp\/v2\/product_brand?post=4423"},{"taxonomy":"product_cat","embeddable":true,"href":"https:\/\/gempolgroup.com\/pl\/wp-json\/wp\/v2\/product_cat?post=4423"},{"taxonomy":"product_tag","embeddable":true,"href":"https:\/\/gempolgroup.com\/pl\/wp-json\/wp\/v2\/product_tag?post=4423"}],"curies":[{"name":"wp","href":"https:\/\/api.w.org\/{rel}","templated":true}]}}