{"id":4413,"date":"2024-11-23T00:19:27","date_gmt":"2024-11-22T23:19:27","guid":{"rendered":"https:\/\/gempolgroup.com\/products\/bez-kategorii\/wapniowe-skorupki-jaj-1-3-mm-skorupki-jaj\/"},"modified":"2025-01-17T13:50:13","modified_gmt":"2025-01-17T12:50:13","slug":"wapniowe-skorupki-jaj-1-3-mm-skorupki-jaj","status":"publish","type":"product","link":"https:\/\/gempolgroup.com\/pl\/products\/skorupki-jaj\/zwirek-ze-skorupek-jaj\/wapniowe-skorupki-jaj-1-3-mm-skorupki-jaj\/","title":{"rendered":"Calcium Eggshells &#8211; Skorupka Jaj o gramaturze 1-3 mm"},"content":{"rendered":"\t\t<div data-elementor-type=\"section\" data-elementor-id=\"4208\" class=\"elementor elementor-4208 elementor-2324\" data-elementor-post-type=\"elementor_library\">\n\t\t\t<div class=\"elementor-element elementor-element-54c8c67 e-con-full e-flex e-con e-parent\" data-id=\"54c8c67\" data-element_type=\"container\" data-e-type=\"container\">\n\t\t<div class=\"dce-visibility-event elementor-element elementor-element-b054f81 e-con-full e-flex e-con e-child\" data-id=\"b054f81\" data-element_type=\"container\" data-e-type=\"container\" data-settings=\"{&quot;enabled_visibility&quot;:&quot;yes&quot;,&quot;dce_visibility_selected&quot;:&quot;yes&quot;}\">\n\t\t\t\t<div class=\"elementor-element elementor-element-1e5abaf elementor-widget elementor-widget-text-editor\" data-id=\"1e5abaf\" data-element_type=\"widget\" data-e-type=\"widget\" data-widget_type=\"text-editor.default\">\n\t\t\t\t<div class=\"elementor-widget-container\">\n\t\t\t\t\t\t\t\t\t<p class=\"p1\"><b>Korzy\u015bci:<\/b><\/p>\n<ul class=\"ul1\">\n<li class=\"li2\"><b>Naturalne \u017ar\u00f3d\u0142o wapnia:<\/b> Skorupka jaj to jedno z najlepszych \u017ar\u00f3de\u0142 wapnia. Wap\u0144 jest niezb\u0119dny dla utrzymania mocnych ko\u015bci i zdrowych z\u0119b\u00f3w u zwierz\u0105t. <\/li>\n<li class=\"li2\"><b>Wsparcie uk\u0142adu pokarmowego:<\/b> Dodatkowo, skorupka jaj mo\u017ce pom\u00f3c w regulacji pH uk\u0142adu pokarmowego zwierz\u0105t, co wp\u0142ywa na efektywne trawienie i przyswajanie sk\u0142adnik\u00f3w od\u017cywczych.<\/li>\n<li class=\"li2\"><b>Naturalne \u017ar\u00f3d\u0142o minera\u0142\u00f3w:<\/b> Skorupka zawiera 94% CaCO3, 1% Ca3(PO4)2, 1% MgCO3, 4% inne substancje organiczne. Opr\u00f3cz wapnia, skorupki jaj zawieraj\u0105 tak\u017ce inne cenne minera\u0142y, takie jak Mg, B, Fe, Cu, Si, Zn, kt\u00f3re wspieraj\u0105 og\u00f3ln\u0105 kondycj\u0119 zwierz\u0105t. <\/li>\n<li class=\"li2\"><b>Zdrowy uk\u0142ad nerwowy: <\/b>Wap\u0144 zawarty w skorupce jaj jest kluczowy dla prawid\u0142owego funkcjonowania uk\u0142adu nerwowego u zwierz\u0105t, wspieraj\u0105c przewodnictwo nerwowe.<\/li>\n<li class=\"li2\"><b>Wsparcie dla mi\u0119\u015bni: <\/b>Wap\u0144 pomaga w regulacji skurcz\u00f3w mi\u0119\u015bni, co jest istotne dla aktywno\u015bci fizycznej i ruchu zwierz\u0105t.<\/li>\n<li class=\"li3\"><b>Wszechstronno\u015b\u0107: <\/b>Mo\u017cesz dodawa\u0107 m\u0105czk\u0119 do r\u00f3\u017cnych rodzaj\u00f3w diety zwierz\u0105t, takich jak sucha karma, pasza czy pokarmy naturalne.<\/li>\n<\/ul>\n\t\t\t\t\t\t\t\t<\/div>\n\t\t\t\t<\/div>\n\t\t\t\t<\/div>\n\t\t<div class=\"dce-visibility-event elementor-element elementor-element-92082bc e-con-full e-flex e-con e-child\" data-id=\"92082bc\" data-element_type=\"container\" data-e-type=\"container\" data-settings=\"{&quot;enabled_visibility&quot;:&quot;yes&quot;,&quot;dce_visibility_selected&quot;:&quot;yes&quot;}\">\n\t\t\t\t<div class=\"elementor-element elementor-element-711f648 elementor-widget elementor-widget-text-editor\" data-id=\"711f648\" data-element_type=\"widget\" data-e-type=\"widget\" data-widget_type=\"text-editor.default\">\n\t\t\t\t<div class=\"elementor-widget-container\">\n\t\t\t\t\t\t\t\t\t<p class=\"p1\"><b>Sk\u0142ad: <\/b>100% skorupa jaj<\/p>\n\t\t\t\t\t\t\t\t<\/div>\n\t\t\t\t<\/div>\n\t\t\t\t<\/div>\n\t\t<div class=\"dce-visibility-event elementor-element elementor-element-665312f e-con-full e-flex e-con e-child\" data-id=\"665312f\" data-element_type=\"container\" data-e-type=\"container\" data-settings=\"{&quot;enabled_visibility&quot;:&quot;yes&quot;,&quot;dce_visibility_selected&quot;:&quot;yes&quot;}\">\n\t\t\t\t<div class=\"elementor-element elementor-element-9b6c83d elementor-widget elementor-widget-text-editor\" data-id=\"9b6c83d\" data-element_type=\"widget\" data-e-type=\"widget\" data-widget_type=\"text-editor.default\">\n\t\t\t\t<div class=\"elementor-widget-container\">\n\t\t\t\t\t\t\t\t\t<p class=\"p1\"><b>Stosowanie:<\/b><\/p>\n<p class=\"p1\">Indywidualnie w zalez\u0307nos\u0301ci od poziomu fosforu w pokarmie, od rodzaju i wielko\u015bci zwierz\u0105t. Zazwyczaj mo\u017cna j\u0105 dodawa\u0107 do codziennej dawki paszy lub mieszanki pokarmowej. Prosz\u0119 skonsultowa\u0107 si\u0119 z weterynarzem w celu ustalenia odpowiedniej ilo\u015bci dla Waszych zwierz\u0105t.  <\/p>\n\t\t\t\t\t\t\t\t<\/div>\n\t\t\t\t<\/div>\n\t\t\t\t<\/div>\n\t\t<div class=\"dce-visibility-event elementor-element elementor-element-187e7eb e-con-full e-flex e-con e-child\" data-id=\"187e7eb\" data-element_type=\"container\" data-e-type=\"container\" data-settings=\"{&quot;enabled_visibility&quot;:&quot;yes&quot;,&quot;dce_visibility_selected&quot;:&quot;yes&quot;}\">\n\t\t\t\t<div class=\"elementor-element elementor-element-e511ab2 elementor-widget elementor-widget-text-editor\" data-id=\"e511ab2\" data-element_type=\"widget\" data-e-type=\"widget\" data-widget_type=\"text-editor.default\">\n\t\t\t\t<div class=\"elementor-widget-container\">\n\t\t\t\t\t\t\t\t\t<p class=\"p1\"><span class=\"s1\"><b>Spos\u00f3b podania: <\/b><\/span>podawa\u0107 po uprzednim zmieszaniu z pokarmem.<\/p>\n\t\t\t\t\t\t\t\t<\/div>\n\t\t\t\t<\/div>\n\t\t\t\t<\/div>\n\t\t<div class=\"dce-visibility-event elementor-element elementor-element-a9b0323 e-con-full e-flex e-con e-child\" data-id=\"a9b0323\" data-element_type=\"container\" data-e-type=\"container\" data-settings=\"{&quot;enabled_visibility&quot;:&quot;yes&quot;,&quot;dce_visibility_selected&quot;:&quot;yes&quot;}\">\n\t\t\t\t<div class=\"elementor-element elementor-element-e0e85fb elementor-widget elementor-widget-text-editor\" data-id=\"e0e85fb\" data-element_type=\"widget\" data-e-type=\"widget\" data-widget_type=\"text-editor.default\">\n\t\t\t\t<div class=\"elementor-widget-container\">\n\t\t\t\t\t\t\t\t\t<p class=\"p1\"><span class=\"s1\"><b>Okres wa\u017cno\u015bci: <\/b><\/span>12 miesi\u0119cy od daty produkcji.<\/p>\n\t\t\t\t\t\t\t\t<\/div>\n\t\t\t\t<\/div>\n\t\t\t\t<\/div>\n\t\t<div class=\"dce-visibility-event elementor-element elementor-element-38119c7 e-con-full e-flex e-con e-child\" data-id=\"38119c7\" data-element_type=\"container\" data-e-type=\"container\" data-settings=\"{&quot;enabled_visibility&quot;:&quot;yes&quot;,&quot;dce_visibility_selected&quot;:&quot;yes&quot;}\">\n\t\t\t\t<div class=\"elementor-element elementor-element-627caec elementor-widget elementor-widget-text-editor\" data-id=\"627caec\" data-element_type=\"widget\" data-e-type=\"widget\" data-widget_type=\"text-editor.default\">\n\t\t\t\t<div class=\"elementor-widget-container\">\n\t\t\t\t\t\t\t\t\t<p class=\"p1\"><b>Przechowywanie: <\/b>w szczelnie zamkni\u0119tym pojemniku w temperaturze pokojowej.<\/p>\n\t\t\t\t\t\t\t\t<\/div>\n\t\t\t\t<\/div>\n\t\t\t\t<\/div>\n\t\t<!-- dce invisible element 2cb0d9a --><!-- dce invisible element 9bed51a --><!-- dce invisible element e3edcd8 --><!-- dce invisible element b59bf9b -->\t\t<\/div>\n\t\t\t\t<\/div>\n\t\t\n","protected":false},"excerpt":{"rendered":"<p class=\"p1\">Skorupka jaj to naturalne \u017ar\u00f3d\u0142o wapnia, kt\u00f3re mo\u017ce znacz\u0105co wp\u0142yn\u0105\u0107 na zdrowie i kondycj\u0119 zwierz\u0105t. Calcium Egg Shells to drobno zmielone skorupki jaj o gramaturze 1-3 mm, dost\u0119pne w wygodnym opakowaniu. To produkt 100% naturalny, maksymalna absorpcja, a tak\u017ce pozbawiony sztucznych dodatk\u00f3w. Jest idealnym uzupe\u0142nieniem diety dla r\u00f3\u017cnych gatunk\u00f3w zwierz\u0105t.   <\/p>\n","protected":false},"featured_media":3302,"template":"","meta":{"_acf_changed":false,"inline_featured_image":false},"product_brand":[],"product_cat":[139],"product_tag":[],"class_list":{"0":"post-4413","1":"product","2":"type-product","3":"status-publish","4":"has-post-thumbnail","6":"product_cat-zwirek-ze-skorupek-jaj","7":"product_shipping_class-1kg-pl","9":"first","10":"instock","11":"taxable","12":"shipping-taxable","13":"purchasable","14":"product-type-simple"},"acf":[],"yoast_head":"<!-- This site is optimized with the Yoast SEO plugin v27.5 - https:\/\/yoast.com\/product\/yoast-seo-wordpress\/ -->\n<title>Calcium Eggshells - Skorupka Jaj o gramaturze 1-3 mm - gempolgroup.com<\/title>\n<meta name=\"description\" content=\"[AnimalGlow\u00ae] Dodatki paszowe dla zwierz\u0105t - Konkurencyjne ceny - Sk\u0142adniki najwy\u017cszej jako\u015bci - Ponad 800 zaufanych gospodarstw i w\u0142a\u015bcicieli zwierz\u0105t na ca\u0142ym \u015bwiecie \u25b8 Witamy!\" \/>\n<meta name=\"robots\" content=\"index, follow, max-snippet:-1, max-image-preview:large, max-video-preview:-1\" \/>\n<link rel=\"canonical\" href=\"https:\/\/gempolgroup.com\/pl\/products\/skorupki-jaj\/zwirek-ze-skorupek-jaj\/wapniowe-skorupki-jaj-1-3-mm-skorupki-jaj\/\" \/>\n<meta property=\"og:locale\" content=\"pl_PL\" \/>\n<meta property=\"og:type\" content=\"article\" \/>\n<meta property=\"og:title\" content=\"Calcium Eggshells - Skorupka Jaj o gramaturze 1-3 mm - gempolgroup.com\" \/>\n<meta property=\"og:description\" content=\"[AnimalGlow\u00ae] Dodatki paszowe dla zwierz\u0105t - Konkurencyjne ceny - Sk\u0142adniki najwy\u017cszej jako\u015bci - Ponad 800 zaufanych gospodarstw i w\u0142a\u015bcicieli zwierz\u0105t na ca\u0142ym \u015bwiecie \u25b8 Witamy!\" \/>\n<meta property=\"og:url\" content=\"https:\/\/gempolgroup.com\/pl\/products\/skorupki-jaj\/zwirek-ze-skorupek-jaj\/wapniowe-skorupki-jaj-1-3-mm-skorupki-jaj\/\" \/>\n<meta property=\"og:site_name\" content=\"gempolgroup.com\" \/>\n<meta property=\"article:modified_time\" content=\"2025-01-17T12:50:13+00:00\" \/>\n<meta property=\"og:image\" content=\"https:\/\/gempolgroup.com\/wp-content\/uploads\/2024\/11\/Calcium-Egg-Shells-1-3-mm-Egg-Shells-1kg.webp\" \/>\n\t<meta property=\"og:image:width\" content=\"1600\" \/>\n\t<meta property=\"og:image:height\" content=\"1600\" \/>\n\t<meta property=\"og:image:type\" content=\"image\/webp\" \/>\n<meta name=\"twitter:card\" content=\"summary_large_image\" \/>\n<script type=\"application\/ld+json\" class=\"yoast-schema-graph\">{\"@context\":\"https:\\\/\\\/schema.org\",\"@graph\":[{\"@type\":\"WebPage\",\"@id\":\"https:\\\/\\\/gempolgroup.com\\\/pl\\\/products\\\/skorupki-jaj\\\/zwirek-ze-skorupek-jaj\\\/wapniowe-skorupki-jaj-1-3-mm-skorupki-jaj\\\/\",\"url\":\"https:\\\/\\\/gempolgroup.com\\\/pl\\\/products\\\/skorupki-jaj\\\/zwirek-ze-skorupek-jaj\\\/wapniowe-skorupki-jaj-1-3-mm-skorupki-jaj\\\/\",\"name\":\"Calcium Eggshells - Skorupka Jaj o gramaturze 1-3 mm - gempolgroup.com\",\"isPartOf\":{\"@id\":\"https:\\\/\\\/gempolgroup.com\\\/pl\\\/#website\"},\"primaryImageOfPage\":{\"@id\":\"https:\\\/\\\/gempolgroup.com\\\/pl\\\/products\\\/skorupki-jaj\\\/zwirek-ze-skorupek-jaj\\\/wapniowe-skorupki-jaj-1-3-mm-skorupki-jaj\\\/#primaryimage\"},\"image\":{\"@id\":\"https:\\\/\\\/gempolgroup.com\\\/pl\\\/products\\\/skorupki-jaj\\\/zwirek-ze-skorupek-jaj\\\/wapniowe-skorupki-jaj-1-3-mm-skorupki-jaj\\\/#primaryimage\"},\"thumbnailUrl\":\"https:\\\/\\\/gempolgroup.com\\\/wp-content\\\/uploads\\\/2024\\\/11\\\/Calcium-Egg-Shells-1-3-mm-Egg-Shells-1kg.webp\",\"datePublished\":\"2024-11-22T23:19:27+00:00\",\"dateModified\":\"2025-01-17T12:50:13+00:00\",\"description\":\"[AnimalGlow\u00ae] Dodatki paszowe dla zwierz\u0105t - Konkurencyjne ceny - Sk\u0142adniki najwy\u017cszej jako\u015bci - Ponad 800 zaufanych gospodarstw i w\u0142a\u015bcicieli zwierz\u0105t na ca\u0142ym \u015bwiecie \u25b8 Witamy!\",\"breadcrumb\":{\"@id\":\"https:\\\/\\\/gempolgroup.com\\\/pl\\\/products\\\/skorupki-jaj\\\/zwirek-ze-skorupek-jaj\\\/wapniowe-skorupki-jaj-1-3-mm-skorupki-jaj\\\/#breadcrumb\"},\"inLanguage\":\"pl-PL\",\"potentialAction\":[{\"@type\":\"ReadAction\",\"target\":[\"https:\\\/\\\/gempolgroup.com\\\/pl\\\/products\\\/skorupki-jaj\\\/zwirek-ze-skorupek-jaj\\\/wapniowe-skorupki-jaj-1-3-mm-skorupki-jaj\\\/\"]}]},{\"@type\":\"ImageObject\",\"inLanguage\":\"pl-PL\",\"@id\":\"https:\\\/\\\/gempolgroup.com\\\/pl\\\/products\\\/skorupki-jaj\\\/zwirek-ze-skorupek-jaj\\\/wapniowe-skorupki-jaj-1-3-mm-skorupki-jaj\\\/#primaryimage\",\"url\":\"https:\\\/\\\/gempolgroup.com\\\/wp-content\\\/uploads\\\/2024\\\/11\\\/Calcium-Egg-Shells-1-3-mm-Egg-Shells-1kg.webp\",\"contentUrl\":\"https:\\\/\\\/gempolgroup.com\\\/wp-content\\\/uploads\\\/2024\\\/11\\\/Calcium-Egg-Shells-1-3-mm-Egg-Shells-1kg.webp\",\"width\":1600,\"height\":1600},{\"@type\":\"BreadcrumbList\",\"@id\":\"https:\\\/\\\/gempolgroup.com\\\/pl\\\/products\\\/skorupki-jaj\\\/zwirek-ze-skorupek-jaj\\\/wapniowe-skorupki-jaj-1-3-mm-skorupki-jaj\\\/#breadcrumb\",\"itemListElement\":[{\"@type\":\"ListItem\",\"position\":1,\"name\":\"Strona g\u0142\u00f3wna\",\"item\":\"https:\\\/\\\/gempolgroup.com\\\/pl\\\/\"},{\"@type\":\"ListItem\",\"position\":2,\"name\":\"Produkty\",\"item\":\"https:\\\/\\\/gempolgroup.com\\\/pl\\\/products\\\/\"},{\"@type\":\"ListItem\",\"position\":3,\"name\":\"Skorupki jaj\",\"item\":\"https:\\\/\\\/gempolgroup.com\\\/pl\\\/kategoria-produktu\\\/skorupki-jaj\\\/\"},{\"@type\":\"ListItem\",\"position\":4,\"name\":\"\u017bwirek ze skorupek jaj\",\"item\":\"https:\\\/\\\/gempolgroup.com\\\/pl\\\/kategoria-produktu\\\/skorupki-jaj\\\/zwirek-ze-skorupek-jaj\\\/\"},{\"@type\":\"ListItem\",\"position\":5,\"name\":\"Calcium Eggshells &#8211; Skorupka Jaj o gramaturze 1-3 mm\"}]},{\"@type\":\"WebSite\",\"@id\":\"https:\\\/\\\/gempolgroup.com\\\/pl\\\/#website\",\"url\":\"https:\\\/\\\/gempolgroup.com\\\/pl\\\/\",\"name\":\"gempolgroup.com\",\"description\":\"Dodatki paszowe dla zwierz\u0105t od producenta.\",\"publisher\":{\"@id\":\"https:\\\/\\\/gempolgroup.com\\\/pl\\\/#organization\"},\"potentialAction\":[{\"@type\":\"SearchAction\",\"target\":{\"@type\":\"EntryPoint\",\"urlTemplate\":\"https:\\\/\\\/gempolgroup.com\\\/pl\\\/?s={search_term_string}\"},\"query-input\":{\"@type\":\"PropertyValueSpecification\",\"valueRequired\":true,\"valueName\":\"search_term_string\"}}],\"inLanguage\":\"pl-PL\"},{\"@type\":\"Organization\",\"@id\":\"https:\\\/\\\/gempolgroup.com\\\/pl\\\/#organization\",\"name\":\"gempolgroup.com\",\"url\":\"https:\\\/\\\/gempolgroup.com\\\/pl\\\/\",\"logo\":{\"@type\":\"ImageObject\",\"inLanguage\":\"pl-PL\",\"@id\":\"https:\\\/\\\/gempolgroup.com\\\/pl\\\/#\\\/schema\\\/logo\\\/image\\\/\",\"url\":\"https:\\\/\\\/gempolgroup.com\\\/wp-content\\\/uploads\\\/2024\\\/10\\\/logo-animal-glow-full.svg\",\"contentUrl\":\"https:\\\/\\\/gempolgroup.com\\\/wp-content\\\/uploads\\\/2024\\\/10\\\/logo-animal-glow-full.svg\",\"width\":170,\"height\":28,\"caption\":\"gempolgroup.com\"},\"image\":{\"@id\":\"https:\\\/\\\/gempolgroup.com\\\/pl\\\/#\\\/schema\\\/logo\\\/image\\\/\"}}]}<\/script>\n<!-- \/ Yoast SEO plugin. -->","yoast_head_json":{"title":"Calcium Eggshells - Skorupka Jaj o gramaturze 1-3 mm - gempolgroup.com","description":"[AnimalGlow\u00ae] Dodatki paszowe dla zwierz\u0105t - Konkurencyjne ceny - Sk\u0142adniki najwy\u017cszej jako\u015bci - Ponad 800 zaufanych gospodarstw i w\u0142a\u015bcicieli zwierz\u0105t na ca\u0142ym \u015bwiecie \u25b8 Witamy!","robots":{"index":"index","follow":"follow","max-snippet":"max-snippet:-1","max-image-preview":"max-image-preview:large","max-video-preview":"max-video-preview:-1"},"canonical":"https:\/\/gempolgroup.com\/pl\/products\/skorupki-jaj\/zwirek-ze-skorupek-jaj\/wapniowe-skorupki-jaj-1-3-mm-skorupki-jaj\/","og_locale":"pl_PL","og_type":"article","og_title":"Calcium Eggshells - Skorupka Jaj o gramaturze 1-3 mm - gempolgroup.com","og_description":"[AnimalGlow\u00ae] Dodatki paszowe dla zwierz\u0105t - Konkurencyjne ceny - Sk\u0142adniki najwy\u017cszej jako\u015bci - Ponad 800 zaufanych gospodarstw i w\u0142a\u015bcicieli zwierz\u0105t na ca\u0142ym \u015bwiecie \u25b8 Witamy!","og_url":"https:\/\/gempolgroup.com\/pl\/products\/skorupki-jaj\/zwirek-ze-skorupek-jaj\/wapniowe-skorupki-jaj-1-3-mm-skorupki-jaj\/","og_site_name":"gempolgroup.com","article_modified_time":"2025-01-17T12:50:13+00:00","og_image":[{"width":1600,"height":1600,"url":"https:\/\/gempolgroup.com\/wp-content\/uploads\/2024\/11\/Calcium-Egg-Shells-1-3-mm-Egg-Shells-1kg.webp","type":"image\/webp"}],"twitter_card":"summary_large_image","schema":{"@context":"https:\/\/schema.org","@graph":[{"@type":"WebPage","@id":"https:\/\/gempolgroup.com\/pl\/products\/skorupki-jaj\/zwirek-ze-skorupek-jaj\/wapniowe-skorupki-jaj-1-3-mm-skorupki-jaj\/","url":"https:\/\/gempolgroup.com\/pl\/products\/skorupki-jaj\/zwirek-ze-skorupek-jaj\/wapniowe-skorupki-jaj-1-3-mm-skorupki-jaj\/","name":"Calcium Eggshells - Skorupka Jaj o gramaturze 1-3 mm - gempolgroup.com","isPartOf":{"@id":"https:\/\/gempolgroup.com\/pl\/#website"},"primaryImageOfPage":{"@id":"https:\/\/gempolgroup.com\/pl\/products\/skorupki-jaj\/zwirek-ze-skorupek-jaj\/wapniowe-skorupki-jaj-1-3-mm-skorupki-jaj\/#primaryimage"},"image":{"@id":"https:\/\/gempolgroup.com\/pl\/products\/skorupki-jaj\/zwirek-ze-skorupek-jaj\/wapniowe-skorupki-jaj-1-3-mm-skorupki-jaj\/#primaryimage"},"thumbnailUrl":"https:\/\/gempolgroup.com\/wp-content\/uploads\/2024\/11\/Calcium-Egg-Shells-1-3-mm-Egg-Shells-1kg.webp","datePublished":"2024-11-22T23:19:27+00:00","dateModified":"2025-01-17T12:50:13+00:00","description":"[AnimalGlow\u00ae] Dodatki paszowe dla zwierz\u0105t - Konkurencyjne ceny - Sk\u0142adniki najwy\u017cszej jako\u015bci - Ponad 800 zaufanych gospodarstw i w\u0142a\u015bcicieli zwierz\u0105t na ca\u0142ym \u015bwiecie \u25b8 Witamy!","breadcrumb":{"@id":"https:\/\/gempolgroup.com\/pl\/products\/skorupki-jaj\/zwirek-ze-skorupek-jaj\/wapniowe-skorupki-jaj-1-3-mm-skorupki-jaj\/#breadcrumb"},"inLanguage":"pl-PL","potentialAction":[{"@type":"ReadAction","target":["https:\/\/gempolgroup.com\/pl\/products\/skorupki-jaj\/zwirek-ze-skorupek-jaj\/wapniowe-skorupki-jaj-1-3-mm-skorupki-jaj\/"]}]},{"@type":"ImageObject","inLanguage":"pl-PL","@id":"https:\/\/gempolgroup.com\/pl\/products\/skorupki-jaj\/zwirek-ze-skorupek-jaj\/wapniowe-skorupki-jaj-1-3-mm-skorupki-jaj\/#primaryimage","url":"https:\/\/gempolgroup.com\/wp-content\/uploads\/2024\/11\/Calcium-Egg-Shells-1-3-mm-Egg-Shells-1kg.webp","contentUrl":"https:\/\/gempolgroup.com\/wp-content\/uploads\/2024\/11\/Calcium-Egg-Shells-1-3-mm-Egg-Shells-1kg.webp","width":1600,"height":1600},{"@type":"BreadcrumbList","@id":"https:\/\/gempolgroup.com\/pl\/products\/skorupki-jaj\/zwirek-ze-skorupek-jaj\/wapniowe-skorupki-jaj-1-3-mm-skorupki-jaj\/#breadcrumb","itemListElement":[{"@type":"ListItem","position":1,"name":"Strona g\u0142\u00f3wna","item":"https:\/\/gempolgroup.com\/pl\/"},{"@type":"ListItem","position":2,"name":"Produkty","item":"https:\/\/gempolgroup.com\/pl\/products\/"},{"@type":"ListItem","position":3,"name":"Skorupki jaj","item":"https:\/\/gempolgroup.com\/pl\/kategoria-produktu\/skorupki-jaj\/"},{"@type":"ListItem","position":4,"name":"\u017bwirek ze skorupek jaj","item":"https:\/\/gempolgroup.com\/pl\/kategoria-produktu\/skorupki-jaj\/zwirek-ze-skorupek-jaj\/"},{"@type":"ListItem","position":5,"name":"Calcium Eggshells &#8211; Skorupka Jaj o gramaturze 1-3 mm"}]},{"@type":"WebSite","@id":"https:\/\/gempolgroup.com\/pl\/#website","url":"https:\/\/gempolgroup.com\/pl\/","name":"gempolgroup.com","description":"Dodatki paszowe dla zwierz\u0105t od producenta.","publisher":{"@id":"https:\/\/gempolgroup.com\/pl\/#organization"},"potentialAction":[{"@type":"SearchAction","target":{"@type":"EntryPoint","urlTemplate":"https:\/\/gempolgroup.com\/pl\/?s={search_term_string}"},"query-input":{"@type":"PropertyValueSpecification","valueRequired":true,"valueName":"search_term_string"}}],"inLanguage":"pl-PL"},{"@type":"Organization","@id":"https:\/\/gempolgroup.com\/pl\/#organization","name":"gempolgroup.com","url":"https:\/\/gempolgroup.com\/pl\/","logo":{"@type":"ImageObject","inLanguage":"pl-PL","@id":"https:\/\/gempolgroup.com\/pl\/#\/schema\/logo\/image\/","url":"https:\/\/gempolgroup.com\/wp-content\/uploads\/2024\/10\/logo-animal-glow-full.svg","contentUrl":"https:\/\/gempolgroup.com\/wp-content\/uploads\/2024\/10\/logo-animal-glow-full.svg","width":170,"height":28,"caption":"gempolgroup.com"},"image":{"@id":"https:\/\/gempolgroup.com\/pl\/#\/schema\/logo\/image\/"}}]}},"_links":{"self":[{"href":"https:\/\/gempolgroup.com\/pl\/wp-json\/wp\/v2\/product\/4413","targetHints":{"allow":["GET"]}}],"collection":[{"href":"https:\/\/gempolgroup.com\/pl\/wp-json\/wp\/v2\/product"}],"about":[{"href":"https:\/\/gempolgroup.com\/pl\/wp-json\/wp\/v2\/types\/product"}],"wp:featuredmedia":[{"embeddable":true,"href":"https:\/\/gempolgroup.com\/pl\/wp-json\/wp\/v2\/media\/3302"}],"wp:attachment":[{"href":"https:\/\/gempolgroup.com\/pl\/wp-json\/wp\/v2\/media?parent=4413"}],"wp:term":[{"taxonomy":"product_brand","embeddable":true,"href":"https:\/\/gempolgroup.com\/pl\/wp-json\/wp\/v2\/product_brand?post=4413"},{"taxonomy":"product_cat","embeddable":true,"href":"https:\/\/gempolgroup.com\/pl\/wp-json\/wp\/v2\/product_cat?post=4413"},{"taxonomy":"product_tag","embeddable":true,"href":"https:\/\/gempolgroup.com\/pl\/wp-json\/wp\/v2\/product_tag?post=4413"}],"curies":[{"name":"wp","href":"https:\/\/api.w.org\/{rel}","templated":true}]}}