{"id":4410,"date":"2024-11-22T00:02:08","date_gmt":"2024-11-21T23:02:08","guid":{"rendered":"https:\/\/gempolgroup.com\/products\/unkategorisiert\/futterbierhefe-tuepfeldistel-granulat\/"},"modified":"2025-01-17T18:42:03","modified_gmt":"2025-01-17T17:42:03","slug":"futterbierhefe-tuepfeldistel-granulat","status":"publish","type":"product","link":"https:\/\/gempolgroup.com\/de\/products\/produkte-fur-pferde\/hefe-in-granulatform-produkte-fur-pferde\/futterbierhefe-tuepfeldistel-granulat\/","title":{"rendered":"Bierhefe Futtergranulat + Mariendistel f\u00fcr Pferde"},"content":{"rendered":"\t\t<div data-elementor-type=\"section\" data-elementor-id=\"4297\" class=\"elementor elementor-4297 elementor-2324\" data-elementor-post-type=\"elementor_library\">\n\t\t\t<div class=\"elementor-element elementor-element-54c8c67 e-con-full e-flex e-con e-parent\" data-id=\"54c8c67\" data-element_type=\"container\" data-e-type=\"container\">\n\t\t<div class=\"dce-visibility-event elementor-element elementor-element-b054f81 e-con-full e-flex e-con e-child\" data-id=\"b054f81\" data-element_type=\"container\" data-e-type=\"container\" data-settings=\"{&quot;enabled_visibility&quot;:&quot;yes&quot;,&quot;dce_visibility_selected&quot;:&quot;yes&quot;}\">\n\t\t\t\t<div class=\"elementor-element elementor-element-1e5abaf elementor-widget elementor-widget-text-editor\" data-id=\"1e5abaf\" data-element_type=\"widget\" data-e-type=\"widget\" data-widget_type=\"text-editor.default\">\n\t\t\t\t<div class=\"elementor-widget-container\">\n\t\t\t\t\t\t\t\t\t<p class=\"p1\"><b>Vorteile:<\/b><\/p>\n<ul class=\"ul1\">\n<li class=\"li2\"><b>Unterst\u00fctzung der Leber:<\/b> Die Mariendistel ist bekannt f\u00fcr ihre F\u00e4higkeit, die Leber zu sch\u00fctzen und zu regenerieren.<br \/>\nDie Wirkstoffe, insbesondere Silymarin, unterst\u00fctzen die nat\u00fcrlichen Entgiftungsprozesse, was zur Erhaltung einer gesunden Leber bei Pferden beitr\u00e4gt. <\/li>\n<li class=\"li2\"><b>Ein Reichtum an Vitaminen und Mineralien: <\/b>Futterbierhefe ist eine wahre Fundgrube an B-Vitaminen wie B1 (Thiamin), B2 (Riboflavin), B3 (Niacin), B5 (Pantothens\u00e4ure) und anderen, sowie an wertvollen Mineralien wie Eisen, Selen und Zink, die zur Gesundheit von Haut, Fell und Immunsystem beitragen.<\/li>\n<li class=\"li2\"><b>Entz\u00fcndungshemmend:<\/b> Hat eine entz\u00fcndungshemmende Wirkung, die bei verschiedenen Entz\u00fcndungszust\u00e4nden von Vorteil sein kann und dazu beitr\u00e4gt, dass sich Pferde wohl f\u00fchlen und gesund bleiben.<\/li>\n<li class=\"li2\"><b>Zus\u00e4tzliche N\u00e4hrstoffe:<\/b> Linols\u00e4ure, Vitamin E und Flavonoide tragen zur Gesunderhaltung von Haut und Fell bei.<br \/>\nDie Mariendistel kann auch Mineralien wie Zink, Mangan, Kupfer, Eisen und Magnesium sowie Vitamin C liefern. <\/li>\n<li class=\"li2\"><b>Blutzuckerregulierung:<\/b> Studien deuten darauf hin, dass die Mariendistel zur Kontrolle des Blutzuckerspiegels beitragen kann, was f\u00fcr Pferde, die zu Problemen im Zusammenhang mit Insulinresistenz oder Diabetes neigen, wichtig ist.<\/li>\n<li class=\"li2\"><b>Unterst\u00fctzung f\u00fcr das Verdauungssystem:<\/b> Stimuliert die Gallenproduktion, um die Verdauung und die Gesundheit des Verdauungssystems von Pferden zu unterst\u00fctzen.<\/li>\n<li class=\"li1\"><b> Schutz <\/b>vor Antioxidantien<b>: <\/b>Mit einer F\u00fclle von Antioxidantien sch\u00fctzt es die Zellen vor oxidativem Stress und unterst\u00fctzt die allgemeine Immunit\u00e4t und Gesundheit von Pferden.<\/li>\n<\/ul>\n\t\t\t\t\t\t\t\t<\/div>\n\t\t\t\t<\/div>\n\t\t\t\t<\/div>\n\t\t<div class=\"dce-visibility-event elementor-element elementor-element-92082bc e-con-full e-flex e-con e-child\" data-id=\"92082bc\" data-element_type=\"container\" data-e-type=\"container\" data-settings=\"{&quot;enabled_visibility&quot;:&quot;yes&quot;,&quot;dce_visibility_selected&quot;:&quot;yes&quot;}\">\n\t\t\t\t<div class=\"elementor-element elementor-element-711f648 elementor-widget elementor-widget-text-editor\" data-id=\"711f648\" data-element_type=\"widget\" data-e-type=\"widget\" data-widget_type=\"text-editor.default\">\n\t\t\t\t<div class=\"elementor-widget-container\">\n\t\t\t\t\t\t\t\t\t<p class=\"p1\"><b>Anwendung: <\/b>215 bis 430 g pro Pferd und Tag, je nach Bedarf.<\/p>\n\t\t\t\t\t\t\t\t<\/div>\n\t\t\t\t<\/div>\n\t\t\t\t<\/div>\n\t\t<div class=\"dce-visibility-event elementor-element elementor-element-665312f e-con-full e-flex e-con e-child\" data-id=\"665312f\" data-element_type=\"container\" data-e-type=\"container\" data-settings=\"{&quot;enabled_visibility&quot;:&quot;yes&quot;,&quot;dce_visibility_selected&quot;:&quot;yes&quot;}\">\n\t\t\t\t<div class=\"elementor-element elementor-element-9b6c83d elementor-widget elementor-widget-text-editor\" data-id=\"9b6c83d\" data-element_type=\"widget\" data-e-type=\"widget\" data-widget_type=\"text-editor.default\">\n\t\t\t\t<div class=\"elementor-widget-container\">\n\t\t\t\t\t\t\t\t\t<p class=\"p1\"><b>Zutaten: <\/b>Dieses Produkt enth\u00e4lt gefleckte Distel 30% und Futterbierhefe (Saccharomyces cerevisiae) 70%.<\/p>\n\t\t\t\t\t\t\t\t<\/div>\n\t\t\t\t<\/div>\n\t\t\t\t<\/div>\n\t\t<div class=\"dce-visibility-event elementor-element elementor-element-187e7eb e-con-full e-flex e-con e-child\" data-id=\"187e7eb\" data-element_type=\"container\" data-e-type=\"container\" data-settings=\"{&quot;enabled_visibility&quot;:&quot;yes&quot;,&quot;dce_visibility_selected&quot;:&quot;yes&quot;}\">\n\t\t\t\t<div class=\"elementor-element elementor-element-e511ab2 elementor-widget elementor-widget-text-editor\" data-id=\"e511ab2\" data-element_type=\"widget\" data-e-type=\"widget\" data-widget_type=\"text-editor.default\">\n\t\t\t\t<div class=\"elementor-widget-container\">\n\t\t\t\t\t\t\t\t\t<p class=\"p1\"><b>Haltbarkeitsdauer:<\/b> 12 Monate ab dem Herstellungsdatum.<\/p>\n\t\t\t\t\t\t\t\t<\/div>\n\t\t\t\t<\/div>\n\t\t\t\t<\/div>\n\t\t<div class=\"dce-visibility-event elementor-element elementor-element-a9b0323 e-con-full e-flex e-con e-child\" data-id=\"a9b0323\" data-element_type=\"container\" data-e-type=\"container\" data-settings=\"{&quot;enabled_visibility&quot;:&quot;yes&quot;,&quot;dce_visibility_selected&quot;:&quot;yes&quot;}\">\n\t\t\t\t<div class=\"elementor-element elementor-element-e0e85fb elementor-widget elementor-widget-text-editor\" data-id=\"e0e85fb\" data-element_type=\"widget\" data-e-type=\"widget\" data-widget_type=\"text-editor.default\">\n\t\t\t\t<div class=\"elementor-widget-container\">\n\t\t\t\t\t\t\t\t\t<p class=\"p1\"><span class=\"s1\"><b>Lagerung: <\/b><\/span>in einem verschlossenen Beh\u00e4lter bei Raumtemperatur.<\/p>\n\t\t\t\t\t\t\t\t<\/div>\n\t\t\t\t<\/div>\n\t\t\t\t<\/div>\n\t\t<!-- dce invisible element 38119c7 --><!-- dce invisible element 2cb0d9a --><!-- dce invisible element 9bed51a --><!-- dce invisible element e3edcd8 --><!-- dce invisible element b59bf9b -->\t\t<\/div>\n\t\t\t\t<\/div>\n\t\t\n","protected":false},"excerpt":{"rendered":"<p class=\"p1\">Wenn Sie diese Erg\u00e4nzungsfuttermittelmischung f\u00fcr Pferde anbieten, setzen Sie auf eine umfassende Versorgung f\u00fcr die Gesundheit der Pferde.<br \/>\nDieses Produkt liefert nicht nur wichtige N\u00e4hrstoffe, sondern unterst\u00fctzt auch die Leberfunktion, um das metabolische Gleichgewicht zu erhalten.<br \/>\nGeben Sie Ihrem Pferd das Beste &#8211; nat\u00fcrliche Unterst\u00fctzung, die sich in t\u00e4glicher Vitalit\u00e4t und Wohlbefinden niederschl\u00e4gt.  <\/p>\n","protected":false},"featured_media":3199,"template":"","meta":{"_acf_changed":false,"inline_featured_image":false},"product_brand":[],"product_cat":[158],"product_tag":[],"class_list":{"0":"post-4410","1":"product","2":"type-product","3":"status-publish","4":"has-post-thumbnail","6":"product_cat-hefe-in-granulatform-produkte-fur-pferde","8":"first","9":"instock","10":"taxable","11":"shipping-taxable","12":"purchasable","13":"product-type-variable"},"acf":[],"yoast_head":"<!-- This site is optimized with the Yoast SEO plugin v27.5 - https:\/\/yoast.com\/product\/yoast-seo-wordpress\/ -->\n<title>Bierhefe Futtergranulat + Mariendistel f\u00fcr Pferde - gempolgroup.com<\/title>\n<meta name=\"robots\" content=\"index, follow, max-snippet:-1, max-image-preview:large, max-video-preview:-1\" \/>\n<link rel=\"canonical\" href=\"https:\/\/gempolgroup.com\/de\/products\/produkte-fur-pferde\/hefe-in-granulatform-produkte-fur-pferde\/futterbierhefe-tuepfeldistel-granulat\/\" \/>\n<meta property=\"og:locale\" content=\"de_DE\" \/>\n<meta property=\"og:type\" content=\"article\" \/>\n<meta property=\"og:title\" content=\"Bierhefe Futtergranulat + Mariendistel f\u00fcr Pferde - gempolgroup.com\" \/>\n<meta property=\"og:description\" content=\"Wenn Sie diese Erg\u00e4nzungsfuttermittelmischung f\u00fcr Pferde anbieten, setzen Sie auf eine umfassende Versorgung f\u00fcr die Gesundheit der Pferde. Dieses Produkt liefert nicht nur wichtige N\u00e4hrstoffe, sondern unterst\u00fctzt auch die Leberfunktion, um das metabolische Gleichgewicht zu erhalten. Geben Sie Ihrem Pferd das Beste - nat\u00fcrliche Unterst\u00fctzung, die sich in t\u00e4glicher Vitalit\u00e4t und Wohlbefinden niederschl\u00e4gt.\" \/>\n<meta property=\"og:url\" content=\"https:\/\/gempolgroup.com\/de\/products\/produkte-fur-pferde\/hefe-in-granulatform-produkte-fur-pferde\/futterbierhefe-tuepfeldistel-granulat\/\" \/>\n<meta property=\"og:site_name\" content=\"gempolgroup.com\" \/>\n<meta property=\"article:modified_time\" content=\"2025-01-17T17:42:03+00:00\" \/>\n<meta property=\"og:image\" content=\"https:\/\/gempolgroup.com\/wp-content\/uploads\/2024\/11\/Fodder-beer-yeast-Spotted-Thistle-Granulated-5kg.webp\" \/>\n\t<meta property=\"og:image:width\" content=\"1600\" \/>\n\t<meta property=\"og:image:height\" content=\"1600\" \/>\n\t<meta property=\"og:image:type\" content=\"image\/webp\" \/>\n<meta name=\"twitter:card\" content=\"summary_large_image\" \/>\n<script type=\"application\/ld+json\" class=\"yoast-schema-graph\">{\"@context\":\"https:\\\/\\\/schema.org\",\"@graph\":[{\"@type\":\"WebPage\",\"@id\":\"https:\\\/\\\/gempolgroup.com\\\/de\\\/products\\\/produkte-fur-pferde\\\/hefe-in-granulatform-produkte-fur-pferde\\\/futterbierhefe-tuepfeldistel-granulat\\\/\",\"url\":\"https:\\\/\\\/gempolgroup.com\\\/de\\\/products\\\/produkte-fur-pferde\\\/hefe-in-granulatform-produkte-fur-pferde\\\/futterbierhefe-tuepfeldistel-granulat\\\/\",\"name\":\"Bierhefe Futtergranulat + Mariendistel f\u00fcr Pferde - gempolgroup.com\",\"isPartOf\":{\"@id\":\"https:\\\/\\\/gempolgroup.com\\\/de\\\/#website\"},\"primaryImageOfPage\":{\"@id\":\"https:\\\/\\\/gempolgroup.com\\\/de\\\/products\\\/produkte-fur-pferde\\\/hefe-in-granulatform-produkte-fur-pferde\\\/futterbierhefe-tuepfeldistel-granulat\\\/#primaryimage\"},\"image\":{\"@id\":\"https:\\\/\\\/gempolgroup.com\\\/de\\\/products\\\/produkte-fur-pferde\\\/hefe-in-granulatform-produkte-fur-pferde\\\/futterbierhefe-tuepfeldistel-granulat\\\/#primaryimage\"},\"thumbnailUrl\":\"https:\\\/\\\/gempolgroup.com\\\/wp-content\\\/uploads\\\/2024\\\/11\\\/Fodder-beer-yeast-Spotted-Thistle-Granulated-5kg.webp\",\"datePublished\":\"2024-11-21T23:02:08+00:00\",\"dateModified\":\"2025-01-17T17:42:03+00:00\",\"breadcrumb\":{\"@id\":\"https:\\\/\\\/gempolgroup.com\\\/de\\\/products\\\/produkte-fur-pferde\\\/hefe-in-granulatform-produkte-fur-pferde\\\/futterbierhefe-tuepfeldistel-granulat\\\/#breadcrumb\"},\"inLanguage\":\"de\",\"potentialAction\":[{\"@type\":\"ReadAction\",\"target\":[\"https:\\\/\\\/gempolgroup.com\\\/de\\\/products\\\/produkte-fur-pferde\\\/hefe-in-granulatform-produkte-fur-pferde\\\/futterbierhefe-tuepfeldistel-granulat\\\/\"]}]},{\"@type\":\"ImageObject\",\"inLanguage\":\"de\",\"@id\":\"https:\\\/\\\/gempolgroup.com\\\/de\\\/products\\\/produkte-fur-pferde\\\/hefe-in-granulatform-produkte-fur-pferde\\\/futterbierhefe-tuepfeldistel-granulat\\\/#primaryimage\",\"url\":\"https:\\\/\\\/gempolgroup.com\\\/wp-content\\\/uploads\\\/2024\\\/11\\\/Fodder-beer-yeast-Spotted-Thistle-Granulated-5kg.webp\",\"contentUrl\":\"https:\\\/\\\/gempolgroup.com\\\/wp-content\\\/uploads\\\/2024\\\/11\\\/Fodder-beer-yeast-Spotted-Thistle-Granulated-5kg.webp\",\"width\":1600,\"height\":1600},{\"@type\":\"BreadcrumbList\",\"@id\":\"https:\\\/\\\/gempolgroup.com\\\/de\\\/products\\\/produkte-fur-pferde\\\/hefe-in-granulatform-produkte-fur-pferde\\\/futterbierhefe-tuepfeldistel-granulat\\\/#breadcrumb\",\"itemListElement\":[{\"@type\":\"ListItem\",\"position\":1,\"name\":\"Startseite\",\"item\":\"https:\\\/\\\/gempolgroup.com\\\/de\\\/\"},{\"@type\":\"ListItem\",\"position\":2,\"name\":\"Produkte\",\"item\":\"https:\\\/\\\/gempolgroup.com\\\/de\\\/products\\\/\"},{\"@type\":\"ListItem\",\"position\":3,\"name\":\"Produkte f\u00fcr Pferde\",\"item\":\"https:\\\/\\\/gempolgroup.com\\\/de\\\/produkt-kategorie\\\/produkte-fur-pferde\\\/\"},{\"@type\":\"ListItem\",\"position\":4,\"name\":\"Hefe in Granulatform\",\"item\":\"https:\\\/\\\/gempolgroup.com\\\/de\\\/produkt-kategorie\\\/produkte-fur-pferde\\\/hefe-in-granulatform-produkte-fur-pferde\\\/\"},{\"@type\":\"ListItem\",\"position\":5,\"name\":\"Bierhefe Futtergranulat + Mariendistel f\u00fcr Pferde\"}]},{\"@type\":\"WebSite\",\"@id\":\"https:\\\/\\\/gempolgroup.com\\\/de\\\/#website\",\"url\":\"https:\\\/\\\/gempolgroup.com\\\/de\\\/\",\"name\":\"gempolgroup.com\",\"description\":\"Futtermittelzusatzstoffe f\u00fcr Tiere vom Hersteller.\",\"publisher\":{\"@id\":\"https:\\\/\\\/gempolgroup.com\\\/de\\\/#organization\"},\"potentialAction\":[{\"@type\":\"SearchAction\",\"target\":{\"@type\":\"EntryPoint\",\"urlTemplate\":\"https:\\\/\\\/gempolgroup.com\\\/de\\\/?s={search_term_string}\"},\"query-input\":{\"@type\":\"PropertyValueSpecification\",\"valueRequired\":true,\"valueName\":\"search_term_string\"}}],\"inLanguage\":\"de\"},{\"@type\":\"Organization\",\"@id\":\"https:\\\/\\\/gempolgroup.com\\\/de\\\/#organization\",\"name\":\"gempolgroup.com\",\"url\":\"https:\\\/\\\/gempolgroup.com\\\/de\\\/\",\"logo\":{\"@type\":\"ImageObject\",\"inLanguage\":\"de\",\"@id\":\"https:\\\/\\\/gempolgroup.com\\\/de\\\/#\\\/schema\\\/logo\\\/image\\\/\",\"url\":\"https:\\\/\\\/gempolgroup.com\\\/wp-content\\\/uploads\\\/2024\\\/10\\\/logo-animal-glow-full.svg\",\"contentUrl\":\"https:\\\/\\\/gempolgroup.com\\\/wp-content\\\/uploads\\\/2024\\\/10\\\/logo-animal-glow-full.svg\",\"width\":170,\"height\":28,\"caption\":\"gempolgroup.com\"},\"image\":{\"@id\":\"https:\\\/\\\/gempolgroup.com\\\/de\\\/#\\\/schema\\\/logo\\\/image\\\/\"}}]}<\/script>\n<!-- \/ Yoast SEO plugin. -->","yoast_head_json":{"title":"Bierhefe Futtergranulat + Mariendistel f\u00fcr Pferde - gempolgroup.com","robots":{"index":"index","follow":"follow","max-snippet":"max-snippet:-1","max-image-preview":"max-image-preview:large","max-video-preview":"max-video-preview:-1"},"canonical":"https:\/\/gempolgroup.com\/de\/products\/produkte-fur-pferde\/hefe-in-granulatform-produkte-fur-pferde\/futterbierhefe-tuepfeldistel-granulat\/","og_locale":"de_DE","og_type":"article","og_title":"Bierhefe Futtergranulat + Mariendistel f\u00fcr Pferde - gempolgroup.com","og_description":"Wenn Sie diese Erg\u00e4nzungsfuttermittelmischung f\u00fcr Pferde anbieten, setzen Sie auf eine umfassende Versorgung f\u00fcr die Gesundheit der Pferde. Dieses Produkt liefert nicht nur wichtige N\u00e4hrstoffe, sondern unterst\u00fctzt auch die Leberfunktion, um das metabolische Gleichgewicht zu erhalten. Geben Sie Ihrem Pferd das Beste - nat\u00fcrliche Unterst\u00fctzung, die sich in t\u00e4glicher Vitalit\u00e4t und Wohlbefinden niederschl\u00e4gt.","og_url":"https:\/\/gempolgroup.com\/de\/products\/produkte-fur-pferde\/hefe-in-granulatform-produkte-fur-pferde\/futterbierhefe-tuepfeldistel-granulat\/","og_site_name":"gempolgroup.com","article_modified_time":"2025-01-17T17:42:03+00:00","og_image":[{"width":1600,"height":1600,"url":"https:\/\/gempolgroup.com\/wp-content\/uploads\/2024\/11\/Fodder-beer-yeast-Spotted-Thistle-Granulated-5kg.webp","type":"image\/webp"}],"twitter_card":"summary_large_image","schema":{"@context":"https:\/\/schema.org","@graph":[{"@type":"WebPage","@id":"https:\/\/gempolgroup.com\/de\/products\/produkte-fur-pferde\/hefe-in-granulatform-produkte-fur-pferde\/futterbierhefe-tuepfeldistel-granulat\/","url":"https:\/\/gempolgroup.com\/de\/products\/produkte-fur-pferde\/hefe-in-granulatform-produkte-fur-pferde\/futterbierhefe-tuepfeldistel-granulat\/","name":"Bierhefe Futtergranulat + Mariendistel f\u00fcr Pferde - gempolgroup.com","isPartOf":{"@id":"https:\/\/gempolgroup.com\/de\/#website"},"primaryImageOfPage":{"@id":"https:\/\/gempolgroup.com\/de\/products\/produkte-fur-pferde\/hefe-in-granulatform-produkte-fur-pferde\/futterbierhefe-tuepfeldistel-granulat\/#primaryimage"},"image":{"@id":"https:\/\/gempolgroup.com\/de\/products\/produkte-fur-pferde\/hefe-in-granulatform-produkte-fur-pferde\/futterbierhefe-tuepfeldistel-granulat\/#primaryimage"},"thumbnailUrl":"https:\/\/gempolgroup.com\/wp-content\/uploads\/2024\/11\/Fodder-beer-yeast-Spotted-Thistle-Granulated-5kg.webp","datePublished":"2024-11-21T23:02:08+00:00","dateModified":"2025-01-17T17:42:03+00:00","breadcrumb":{"@id":"https:\/\/gempolgroup.com\/de\/products\/produkte-fur-pferde\/hefe-in-granulatform-produkte-fur-pferde\/futterbierhefe-tuepfeldistel-granulat\/#breadcrumb"},"inLanguage":"de","potentialAction":[{"@type":"ReadAction","target":["https:\/\/gempolgroup.com\/de\/products\/produkte-fur-pferde\/hefe-in-granulatform-produkte-fur-pferde\/futterbierhefe-tuepfeldistel-granulat\/"]}]},{"@type":"ImageObject","inLanguage":"de","@id":"https:\/\/gempolgroup.com\/de\/products\/produkte-fur-pferde\/hefe-in-granulatform-produkte-fur-pferde\/futterbierhefe-tuepfeldistel-granulat\/#primaryimage","url":"https:\/\/gempolgroup.com\/wp-content\/uploads\/2024\/11\/Fodder-beer-yeast-Spotted-Thistle-Granulated-5kg.webp","contentUrl":"https:\/\/gempolgroup.com\/wp-content\/uploads\/2024\/11\/Fodder-beer-yeast-Spotted-Thistle-Granulated-5kg.webp","width":1600,"height":1600},{"@type":"BreadcrumbList","@id":"https:\/\/gempolgroup.com\/de\/products\/produkte-fur-pferde\/hefe-in-granulatform-produkte-fur-pferde\/futterbierhefe-tuepfeldistel-granulat\/#breadcrumb","itemListElement":[{"@type":"ListItem","position":1,"name":"Startseite","item":"https:\/\/gempolgroup.com\/de\/"},{"@type":"ListItem","position":2,"name":"Produkte","item":"https:\/\/gempolgroup.com\/de\/products\/"},{"@type":"ListItem","position":3,"name":"Produkte f\u00fcr Pferde","item":"https:\/\/gempolgroup.com\/de\/produkt-kategorie\/produkte-fur-pferde\/"},{"@type":"ListItem","position":4,"name":"Hefe in Granulatform","item":"https:\/\/gempolgroup.com\/de\/produkt-kategorie\/produkte-fur-pferde\/hefe-in-granulatform-produkte-fur-pferde\/"},{"@type":"ListItem","position":5,"name":"Bierhefe Futtergranulat + Mariendistel f\u00fcr Pferde"}]},{"@type":"WebSite","@id":"https:\/\/gempolgroup.com\/de\/#website","url":"https:\/\/gempolgroup.com\/de\/","name":"gempolgroup.com","description":"Futtermittelzusatzstoffe f\u00fcr Tiere vom Hersteller.","publisher":{"@id":"https:\/\/gempolgroup.com\/de\/#organization"},"potentialAction":[{"@type":"SearchAction","target":{"@type":"EntryPoint","urlTemplate":"https:\/\/gempolgroup.com\/de\/?s={search_term_string}"},"query-input":{"@type":"PropertyValueSpecification","valueRequired":true,"valueName":"search_term_string"}}],"inLanguage":"de"},{"@type":"Organization","@id":"https:\/\/gempolgroup.com\/de\/#organization","name":"gempolgroup.com","url":"https:\/\/gempolgroup.com\/de\/","logo":{"@type":"ImageObject","inLanguage":"de","@id":"https:\/\/gempolgroup.com\/de\/#\/schema\/logo\/image\/","url":"https:\/\/gempolgroup.com\/wp-content\/uploads\/2024\/10\/logo-animal-glow-full.svg","contentUrl":"https:\/\/gempolgroup.com\/wp-content\/uploads\/2024\/10\/logo-animal-glow-full.svg","width":170,"height":28,"caption":"gempolgroup.com"},"image":{"@id":"https:\/\/gempolgroup.com\/de\/#\/schema\/logo\/image\/"}}]}},"_links":{"self":[{"href":"https:\/\/gempolgroup.com\/de\/wp-json\/wp\/v2\/product\/4410","targetHints":{"allow":["GET"]}}],"collection":[{"href":"https:\/\/gempolgroup.com\/de\/wp-json\/wp\/v2\/product"}],"about":[{"href":"https:\/\/gempolgroup.com\/de\/wp-json\/wp\/v2\/types\/product"}],"wp:featuredmedia":[{"embeddable":true,"href":"https:\/\/gempolgroup.com\/de\/wp-json\/wp\/v2\/media\/3199"}],"wp:attachment":[{"href":"https:\/\/gempolgroup.com\/de\/wp-json\/wp\/v2\/media?parent=4410"}],"wp:term":[{"taxonomy":"product_brand","embeddable":true,"href":"https:\/\/gempolgroup.com\/de\/wp-json\/wp\/v2\/product_brand?post=4410"},{"taxonomy":"product_cat","embeddable":true,"href":"https:\/\/gempolgroup.com\/de\/wp-json\/wp\/v2\/product_cat?post=4410"},{"taxonomy":"product_tag","embeddable":true,"href":"https:\/\/gempolgroup.com\/de\/wp-json\/wp\/v2\/product_tag?post=4410"}],"curies":[{"name":"wp","href":"https:\/\/api.w.org\/{rel}","templated":true}]}}