{"id":4407,"date":"2024-11-21T20:21:57","date_gmt":"2024-11-21T19:21:57","guid":{"rendered":"https:\/\/gempolgroup.com\/products\/unkategorisiert\/futterbierhefe-ganzer-leinsamenkuchen-granuliert\/"},"modified":"2025-01-17T18:42:36","modified_gmt":"2025-01-17T17:42:36","slug":"futterbierhefe-ganzer-leinsamenkuchen-granuliert","status":"publish","type":"product","link":"https:\/\/gempolgroup.com\/de\/products\/produkte-fur-pferde\/hefe-in-granulatform-produkte-fur-pferde\/futterbierhefe-ganzer-leinsamenkuchen-granuliert\/","title":{"rendered":"Bierhefe Futtergranulat + Vollfett-Leinkuchen f\u00fcr Pferde"},"content":{"rendered":"\t\t<div data-elementor-type=\"section\" data-elementor-id=\"4297\" class=\"elementor elementor-4297 elementor-2324\" data-elementor-post-type=\"elementor_library\">\n\t\t\t<div class=\"elementor-element elementor-element-54c8c67 e-con-full e-flex e-con e-parent\" data-id=\"54c8c67\" data-element_type=\"container\" data-e-type=\"container\">\n\t\t<div class=\"dce-visibility-event elementor-element elementor-element-b054f81 e-con-full e-flex e-con e-child\" data-id=\"b054f81\" data-element_type=\"container\" data-e-type=\"container\" data-settings=\"{&quot;enabled_visibility&quot;:&quot;yes&quot;,&quot;dce_visibility_selected&quot;:&quot;yes&quot;}\">\n\t\t\t\t<div class=\"elementor-element elementor-element-1e5abaf elementor-widget elementor-widget-text-editor\" data-id=\"1e5abaf\" data-element_type=\"widget\" data-e-type=\"widget\" data-widget_type=\"text-editor.default\">\n\t\t\t\t<div class=\"elementor-widget-container\">\n\t\t\t\t\t\t\t\t\t<p class=\"p1\"><b>Vorteile:<\/b><\/p>\n<ul class=\"ul1\">\n<li class=\"li2\"><span class=\"s2\"><b>Gesundheit von Hufen und Haut<\/b>: Der regelm\u00e4\u00dfige Verzehr von Leinsamen tr\u00e4gt zur Verbesserung des Zustands der Hufe von Pferden bei und unterst\u00fctzt das gesunde Aussehen ihres Fells.<\/span><\/li>\n<li class=\"li2\"><span class=\"s2\"><b>Unterst\u00fctzung des Verdauungssystems<\/b>: Leinsamen st\u00e4rkt das Verdauungssystem des Pferdes, verbessert die Verdauung und hilft in Zeiten des Fellwechsels und der Rekonvaleszenz.<\/span><\/li>\n<li class=\"li2\"><span class=\"s2\"><b>Reich an Vitaminen und Mineralien: <\/b>Bierhefe ist eine hervorragende Quelle f\u00fcr B-Vitamine wie B1 (Thiamin), B2 (Riboflavin), B3 (Niacin), B5 (Pantothens\u00e4ure) und andere sowie f\u00fcr wertvolle Mineralstoffe wie Eisen, Selen und Zink, die zur Gesundheit von Haut, Fell und Immunsystem beitragen.<\/span><\/li>\n<li class=\"li2\"><span class=\"s2\"><b>Entz\u00fcndungshemmende Wirkung und Unterst\u00fctzung der Gelenke<\/b>: Die in Leinsamen enthaltene Alpha-Linolens\u00e4ure hat entz\u00fcndungshemmende Eigenschaften und kann bei Pferden, die an Entz\u00fcndungen, Geschw\u00fcren im Verdauungstrakt, Verdauungsst\u00f6rungen, Rheuma und Arthritis leiden, von Nutzen sein.<\/span><\/li>\n<li class=\"li2\"><span class=\"s2\"><b>\u00c4u\u00dferliche Anwendung<\/b>: Leinsamen kann \u00e4u\u00dferlich als Umschlag bei Abszessen und Verletzungen verwendet werden, um den Heilungsprozess zu beschleunigen.<\/span><\/li>\n<li class=\"li2\"><span class=\"s2\"><b>Unterst\u00fctzung f\u00fcr das reibungslose Funktionieren des Nervensystems<\/b>: Leinsamen enthalten essentielle Fetts\u00e4uren, wie z.B. Alpha-Linolens\u00e4ure, die eine wichtige Rolle f\u00fcr das Funktionieren des Nervensystems von Pferden spielen. Diese Fetts\u00e4uren tragen dazu bei, Entz\u00fcndungen zu verringern und die Nervenimpulsleitung zu verbessern, was die allgemeine Ruhe und Ausgeglichenheit der Tiere f\u00f6rdert. Au\u00dferdem weist es das richtige Verh\u00e4ltnis von Omega-3- zu Omega-6-Fetts\u00e4uren auf, was f\u00fcr die Gesundheit von Pferden von Vorteil ist.  <\/span><\/li>\n<li class=\"li3\"><span class=\"s2\">Leinsamen enth\u00e4lt au\u00dferdem Phytosterine und Carotinoide, die zum <b>Schutz des Verdauungssystems <\/b>beitragen und den Zustand von Haut und Fell der Pferde verbessern.<\/span><\/li>\n<\/ul>\n\t\t\t\t\t\t\t\t<\/div>\n\t\t\t\t<\/div>\n\t\t\t\t<\/div>\n\t\t<div class=\"dce-visibility-event elementor-element elementor-element-92082bc e-con-full e-flex e-con e-child\" data-id=\"92082bc\" data-element_type=\"container\" data-e-type=\"container\" data-settings=\"{&quot;enabled_visibility&quot;:&quot;yes&quot;,&quot;dce_visibility_selected&quot;:&quot;yes&quot;}\">\n\t\t\t\t<div class=\"elementor-element elementor-element-711f648 elementor-widget elementor-widget-text-editor\" data-id=\"711f648\" data-element_type=\"widget\" data-e-type=\"widget\" data-widget_type=\"text-editor.default\">\n\t\t\t\t<div class=\"elementor-widget-container\">\n\t\t\t\t\t\t\t\t\t<p class=\"p1\"><b>Zusammensetzung: <\/b>Dieses Produkt enth\u00e4lt 30% Leinsamen und 70% Futterbierhefe (Saccharomyces cerevisiae).<\/p>\n\t\t\t\t\t\t\t\t<\/div>\n\t\t\t\t<\/div>\n\t\t\t\t<\/div>\n\t\t<div class=\"dce-visibility-event elementor-element elementor-element-665312f e-con-full e-flex e-con e-child\" data-id=\"665312f\" data-element_type=\"container\" data-e-type=\"container\" data-settings=\"{&quot;enabled_visibility&quot;:&quot;yes&quot;,&quot;dce_visibility_selected&quot;:&quot;yes&quot;}\">\n\t\t\t\t<div class=\"elementor-element elementor-element-9b6c83d elementor-widget elementor-widget-text-editor\" data-id=\"9b6c83d\" data-element_type=\"widget\" data-e-type=\"widget\" data-widget_type=\"text-editor.default\">\n\t\t\t\t<div class=\"elementor-widget-container\">\n\t\t\t\t\t\t\t\t\t<p class=\"p1\"><b>Anwendung: <\/b>215 bis 715 g pro Pferd und Tag, je nach Bedarf.<\/p>\n\t\t\t\t\t\t\t\t<\/div>\n\t\t\t\t<\/div>\n\t\t\t\t<\/div>\n\t\t<div class=\"dce-visibility-event elementor-element elementor-element-187e7eb e-con-full e-flex e-con e-child\" data-id=\"187e7eb\" data-element_type=\"container\" data-e-type=\"container\" data-settings=\"{&quot;enabled_visibility&quot;:&quot;yes&quot;,&quot;dce_visibility_selected&quot;:&quot;yes&quot;}\">\n\t\t\t\t<div class=\"elementor-element elementor-element-e511ab2 elementor-widget elementor-widget-text-editor\" data-id=\"e511ab2\" data-element_type=\"widget\" data-e-type=\"widget\" data-widget_type=\"text-editor.default\">\n\t\t\t\t<div class=\"elementor-widget-container\">\n\t\t\t\t\t\t\t\t\t<p class=\"p1\"><b>Haltbarkeitsdauer:<\/b> 12 Monate ab dem Herstellungsdatum.<\/p>\n\t\t\t\t\t\t\t\t<\/div>\n\t\t\t\t<\/div>\n\t\t\t\t<\/div>\n\t\t<div class=\"dce-visibility-event elementor-element elementor-element-a9b0323 e-con-full e-flex e-con e-child\" data-id=\"a9b0323\" data-element_type=\"container\" data-e-type=\"container\" data-settings=\"{&quot;enabled_visibility&quot;:&quot;yes&quot;,&quot;dce_visibility_selected&quot;:&quot;yes&quot;}\">\n\t\t\t\t<div class=\"elementor-element elementor-element-e0e85fb elementor-widget elementor-widget-text-editor\" data-id=\"e0e85fb\" data-element_type=\"widget\" data-e-type=\"widget\" data-widget_type=\"text-editor.default\">\n\t\t\t\t<div class=\"elementor-widget-container\">\n\t\t\t\t\t\t\t\t\t<p class=\"p1\"><span class=\"s1\"><b>Lagerung: <\/b><\/span>in einem verschlossenen Beh\u00e4lter bei Raumtemperatur.<\/p>\n\t\t\t\t\t\t\t\t<\/div>\n\t\t\t\t<\/div>\n\t\t\t\t<\/div>\n\t\t<!-- dce invisible element 38119c7 --><!-- dce invisible element 2cb0d9a --><!-- dce invisible element 9bed51a --><!-- dce invisible element e3edcd8 --><!-- dce invisible element b59bf9b -->\t\t<\/div>\n\t\t\t\t<\/div>\n\t\t\n","protected":false},"excerpt":{"rendered":"<p class=\"p1\">Erg\u00e4nzungsfuttermittel f\u00fcr Pferde, das den N\u00e4hrwert von Bierhefefutter und die positiven Eigenschaften von Leinsamen kombiniert. Leinsamen ist f\u00fcr seine medizinischen und ern\u00e4hrungsphysiologischen Eigenschaften bekannt und ist eine wertvolle Quelle f\u00fcr \u00d6l mit entz\u00fcndungshemmenden Eigenschaften. <\/p>\n","protected":false},"featured_media":3190,"template":"","meta":{"_acf_changed":false,"inline_featured_image":false},"product_brand":[],"product_cat":[158],"product_tag":[],"class_list":{"0":"post-4407","1":"product","2":"type-product","3":"status-publish","4":"has-post-thumbnail","6":"product_cat-hefe-in-granulatform-produkte-fur-pferde","8":"first","9":"instock","10":"taxable","11":"shipping-taxable","12":"purchasable","13":"product-type-variable"},"acf":[],"yoast_head":"<!-- This site is optimized with the Yoast SEO plugin v27.5 - https:\/\/yoast.com\/product\/yoast-seo-wordpress\/ -->\n<title>Bierhefe Futtergranulat + Vollfett-Leinkuchen f\u00fcr Pferde - gempolgroup.com<\/title>\n<meta name=\"robots\" content=\"index, follow, max-snippet:-1, max-image-preview:large, max-video-preview:-1\" \/>\n<link rel=\"canonical\" href=\"https:\/\/gempolgroup.com\/de\/products\/produkte-fur-pferde\/hefe-in-granulatform-produkte-fur-pferde\/futterbierhefe-ganzer-leinsamenkuchen-granuliert\/\" \/>\n<meta property=\"og:locale\" content=\"de_DE\" \/>\n<meta property=\"og:type\" content=\"article\" \/>\n<meta property=\"og:title\" content=\"Bierhefe Futtergranulat + Vollfett-Leinkuchen f\u00fcr Pferde - gempolgroup.com\" \/>\n<meta property=\"og:description\" content=\"Erg\u00e4nzungsfuttermittel f\u00fcr Pferde, das den N\u00e4hrwert von Bierhefefutter und die positiven Eigenschaften von Leinsamen kombiniert. Leinsamen ist f\u00fcr seine medizinischen und ern\u00e4hrungsphysiologischen Eigenschaften bekannt und ist eine wertvolle Quelle f\u00fcr \u00d6l mit entz\u00fcndungshemmenden Eigenschaften.\" \/>\n<meta property=\"og:url\" content=\"https:\/\/gempolgroup.com\/de\/products\/produkte-fur-pferde\/hefe-in-granulatform-produkte-fur-pferde\/futterbierhefe-ganzer-leinsamenkuchen-granuliert\/\" \/>\n<meta property=\"og:site_name\" content=\"gempolgroup.com\" \/>\n<meta property=\"article:modified_time\" content=\"2025-01-17T17:42:36+00:00\" \/>\n<meta property=\"og:image\" content=\"https:\/\/gempolgroup.com\/wp-content\/uploads\/2024\/11\/Fodder-beer-yeast-whole-flax-seed-cake-Granulated-5kg.webp\" \/>\n\t<meta property=\"og:image:width\" content=\"1600\" \/>\n\t<meta property=\"og:image:height\" content=\"1600\" \/>\n\t<meta property=\"og:image:type\" content=\"image\/webp\" \/>\n<meta name=\"twitter:card\" content=\"summary_large_image\" \/>\n<script type=\"application\/ld+json\" class=\"yoast-schema-graph\">{\"@context\":\"https:\\\/\\\/schema.org\",\"@graph\":[{\"@type\":\"WebPage\",\"@id\":\"https:\\\/\\\/gempolgroup.com\\\/de\\\/products\\\/produkte-fur-pferde\\\/hefe-in-granulatform-produkte-fur-pferde\\\/futterbierhefe-ganzer-leinsamenkuchen-granuliert\\\/\",\"url\":\"https:\\\/\\\/gempolgroup.com\\\/de\\\/products\\\/produkte-fur-pferde\\\/hefe-in-granulatform-produkte-fur-pferde\\\/futterbierhefe-ganzer-leinsamenkuchen-granuliert\\\/\",\"name\":\"Bierhefe Futtergranulat + Vollfett-Leinkuchen f\u00fcr Pferde - gempolgroup.com\",\"isPartOf\":{\"@id\":\"https:\\\/\\\/gempolgroup.com\\\/de\\\/#website\"},\"primaryImageOfPage\":{\"@id\":\"https:\\\/\\\/gempolgroup.com\\\/de\\\/products\\\/produkte-fur-pferde\\\/hefe-in-granulatform-produkte-fur-pferde\\\/futterbierhefe-ganzer-leinsamenkuchen-granuliert\\\/#primaryimage\"},\"image\":{\"@id\":\"https:\\\/\\\/gempolgroup.com\\\/de\\\/products\\\/produkte-fur-pferde\\\/hefe-in-granulatform-produkte-fur-pferde\\\/futterbierhefe-ganzer-leinsamenkuchen-granuliert\\\/#primaryimage\"},\"thumbnailUrl\":\"https:\\\/\\\/gempolgroup.com\\\/wp-content\\\/uploads\\\/2024\\\/11\\\/Fodder-beer-yeast-whole-flax-seed-cake-Granulated-5kg.webp\",\"datePublished\":\"2024-11-21T19:21:57+00:00\",\"dateModified\":\"2025-01-17T17:42:36+00:00\",\"breadcrumb\":{\"@id\":\"https:\\\/\\\/gempolgroup.com\\\/de\\\/products\\\/produkte-fur-pferde\\\/hefe-in-granulatform-produkte-fur-pferde\\\/futterbierhefe-ganzer-leinsamenkuchen-granuliert\\\/#breadcrumb\"},\"inLanguage\":\"de\",\"potentialAction\":[{\"@type\":\"ReadAction\",\"target\":[\"https:\\\/\\\/gempolgroup.com\\\/de\\\/products\\\/produkte-fur-pferde\\\/hefe-in-granulatform-produkte-fur-pferde\\\/futterbierhefe-ganzer-leinsamenkuchen-granuliert\\\/\"]}]},{\"@type\":\"ImageObject\",\"inLanguage\":\"de\",\"@id\":\"https:\\\/\\\/gempolgroup.com\\\/de\\\/products\\\/produkte-fur-pferde\\\/hefe-in-granulatform-produkte-fur-pferde\\\/futterbierhefe-ganzer-leinsamenkuchen-granuliert\\\/#primaryimage\",\"url\":\"https:\\\/\\\/gempolgroup.com\\\/wp-content\\\/uploads\\\/2024\\\/11\\\/Fodder-beer-yeast-whole-flax-seed-cake-Granulated-5kg.webp\",\"contentUrl\":\"https:\\\/\\\/gempolgroup.com\\\/wp-content\\\/uploads\\\/2024\\\/11\\\/Fodder-beer-yeast-whole-flax-seed-cake-Granulated-5kg.webp\",\"width\":1600,\"height\":1600},{\"@type\":\"BreadcrumbList\",\"@id\":\"https:\\\/\\\/gempolgroup.com\\\/de\\\/products\\\/produkte-fur-pferde\\\/hefe-in-granulatform-produkte-fur-pferde\\\/futterbierhefe-ganzer-leinsamenkuchen-granuliert\\\/#breadcrumb\",\"itemListElement\":[{\"@type\":\"ListItem\",\"position\":1,\"name\":\"Startseite\",\"item\":\"https:\\\/\\\/gempolgroup.com\\\/de\\\/\"},{\"@type\":\"ListItem\",\"position\":2,\"name\":\"Produkte\",\"item\":\"https:\\\/\\\/gempolgroup.com\\\/de\\\/products\\\/\"},{\"@type\":\"ListItem\",\"position\":3,\"name\":\"Produkte f\u00fcr Pferde\",\"item\":\"https:\\\/\\\/gempolgroup.com\\\/de\\\/produkt-kategorie\\\/produkte-fur-pferde\\\/\"},{\"@type\":\"ListItem\",\"position\":4,\"name\":\"Hefe in Granulatform\",\"item\":\"https:\\\/\\\/gempolgroup.com\\\/de\\\/produkt-kategorie\\\/produkte-fur-pferde\\\/hefe-in-granulatform-produkte-fur-pferde\\\/\"},{\"@type\":\"ListItem\",\"position\":5,\"name\":\"Bierhefe Futtergranulat + Vollfett-Leinkuchen f\u00fcr Pferde\"}]},{\"@type\":\"WebSite\",\"@id\":\"https:\\\/\\\/gempolgroup.com\\\/de\\\/#website\",\"url\":\"https:\\\/\\\/gempolgroup.com\\\/de\\\/\",\"name\":\"gempolgroup.com\",\"description\":\"Futtermittelzusatzstoffe f\u00fcr Tiere vom Hersteller.\",\"publisher\":{\"@id\":\"https:\\\/\\\/gempolgroup.com\\\/de\\\/#organization\"},\"potentialAction\":[{\"@type\":\"SearchAction\",\"target\":{\"@type\":\"EntryPoint\",\"urlTemplate\":\"https:\\\/\\\/gempolgroup.com\\\/de\\\/?s={search_term_string}\"},\"query-input\":{\"@type\":\"PropertyValueSpecification\",\"valueRequired\":true,\"valueName\":\"search_term_string\"}}],\"inLanguage\":\"de\"},{\"@type\":\"Organization\",\"@id\":\"https:\\\/\\\/gempolgroup.com\\\/de\\\/#organization\",\"name\":\"gempolgroup.com\",\"url\":\"https:\\\/\\\/gempolgroup.com\\\/de\\\/\",\"logo\":{\"@type\":\"ImageObject\",\"inLanguage\":\"de\",\"@id\":\"https:\\\/\\\/gempolgroup.com\\\/de\\\/#\\\/schema\\\/logo\\\/image\\\/\",\"url\":\"https:\\\/\\\/gempolgroup.com\\\/wp-content\\\/uploads\\\/2024\\\/10\\\/logo-animal-glow-full.svg\",\"contentUrl\":\"https:\\\/\\\/gempolgroup.com\\\/wp-content\\\/uploads\\\/2024\\\/10\\\/logo-animal-glow-full.svg\",\"width\":170,\"height\":28,\"caption\":\"gempolgroup.com\"},\"image\":{\"@id\":\"https:\\\/\\\/gempolgroup.com\\\/de\\\/#\\\/schema\\\/logo\\\/image\\\/\"}}]}<\/script>\n<!-- \/ Yoast SEO plugin. -->","yoast_head_json":{"title":"Bierhefe Futtergranulat + Vollfett-Leinkuchen f\u00fcr Pferde - gempolgroup.com","robots":{"index":"index","follow":"follow","max-snippet":"max-snippet:-1","max-image-preview":"max-image-preview:large","max-video-preview":"max-video-preview:-1"},"canonical":"https:\/\/gempolgroup.com\/de\/products\/produkte-fur-pferde\/hefe-in-granulatform-produkte-fur-pferde\/futterbierhefe-ganzer-leinsamenkuchen-granuliert\/","og_locale":"de_DE","og_type":"article","og_title":"Bierhefe Futtergranulat + Vollfett-Leinkuchen f\u00fcr Pferde - gempolgroup.com","og_description":"Erg\u00e4nzungsfuttermittel f\u00fcr Pferde, das den N\u00e4hrwert von Bierhefefutter und die positiven Eigenschaften von Leinsamen kombiniert. Leinsamen ist f\u00fcr seine medizinischen und ern\u00e4hrungsphysiologischen Eigenschaften bekannt und ist eine wertvolle Quelle f\u00fcr \u00d6l mit entz\u00fcndungshemmenden Eigenschaften.","og_url":"https:\/\/gempolgroup.com\/de\/products\/produkte-fur-pferde\/hefe-in-granulatform-produkte-fur-pferde\/futterbierhefe-ganzer-leinsamenkuchen-granuliert\/","og_site_name":"gempolgroup.com","article_modified_time":"2025-01-17T17:42:36+00:00","og_image":[{"width":1600,"height":1600,"url":"https:\/\/gempolgroup.com\/wp-content\/uploads\/2024\/11\/Fodder-beer-yeast-whole-flax-seed-cake-Granulated-5kg.webp","type":"image\/webp"}],"twitter_card":"summary_large_image","schema":{"@context":"https:\/\/schema.org","@graph":[{"@type":"WebPage","@id":"https:\/\/gempolgroup.com\/de\/products\/produkte-fur-pferde\/hefe-in-granulatform-produkte-fur-pferde\/futterbierhefe-ganzer-leinsamenkuchen-granuliert\/","url":"https:\/\/gempolgroup.com\/de\/products\/produkte-fur-pferde\/hefe-in-granulatform-produkte-fur-pferde\/futterbierhefe-ganzer-leinsamenkuchen-granuliert\/","name":"Bierhefe Futtergranulat + Vollfett-Leinkuchen f\u00fcr Pferde - gempolgroup.com","isPartOf":{"@id":"https:\/\/gempolgroup.com\/de\/#website"},"primaryImageOfPage":{"@id":"https:\/\/gempolgroup.com\/de\/products\/produkte-fur-pferde\/hefe-in-granulatform-produkte-fur-pferde\/futterbierhefe-ganzer-leinsamenkuchen-granuliert\/#primaryimage"},"image":{"@id":"https:\/\/gempolgroup.com\/de\/products\/produkte-fur-pferde\/hefe-in-granulatform-produkte-fur-pferde\/futterbierhefe-ganzer-leinsamenkuchen-granuliert\/#primaryimage"},"thumbnailUrl":"https:\/\/gempolgroup.com\/wp-content\/uploads\/2024\/11\/Fodder-beer-yeast-whole-flax-seed-cake-Granulated-5kg.webp","datePublished":"2024-11-21T19:21:57+00:00","dateModified":"2025-01-17T17:42:36+00:00","breadcrumb":{"@id":"https:\/\/gempolgroup.com\/de\/products\/produkte-fur-pferde\/hefe-in-granulatform-produkte-fur-pferde\/futterbierhefe-ganzer-leinsamenkuchen-granuliert\/#breadcrumb"},"inLanguage":"de","potentialAction":[{"@type":"ReadAction","target":["https:\/\/gempolgroup.com\/de\/products\/produkte-fur-pferde\/hefe-in-granulatform-produkte-fur-pferde\/futterbierhefe-ganzer-leinsamenkuchen-granuliert\/"]}]},{"@type":"ImageObject","inLanguage":"de","@id":"https:\/\/gempolgroup.com\/de\/products\/produkte-fur-pferde\/hefe-in-granulatform-produkte-fur-pferde\/futterbierhefe-ganzer-leinsamenkuchen-granuliert\/#primaryimage","url":"https:\/\/gempolgroup.com\/wp-content\/uploads\/2024\/11\/Fodder-beer-yeast-whole-flax-seed-cake-Granulated-5kg.webp","contentUrl":"https:\/\/gempolgroup.com\/wp-content\/uploads\/2024\/11\/Fodder-beer-yeast-whole-flax-seed-cake-Granulated-5kg.webp","width":1600,"height":1600},{"@type":"BreadcrumbList","@id":"https:\/\/gempolgroup.com\/de\/products\/produkte-fur-pferde\/hefe-in-granulatform-produkte-fur-pferde\/futterbierhefe-ganzer-leinsamenkuchen-granuliert\/#breadcrumb","itemListElement":[{"@type":"ListItem","position":1,"name":"Startseite","item":"https:\/\/gempolgroup.com\/de\/"},{"@type":"ListItem","position":2,"name":"Produkte","item":"https:\/\/gempolgroup.com\/de\/products\/"},{"@type":"ListItem","position":3,"name":"Produkte f\u00fcr Pferde","item":"https:\/\/gempolgroup.com\/de\/produkt-kategorie\/produkte-fur-pferde\/"},{"@type":"ListItem","position":4,"name":"Hefe in Granulatform","item":"https:\/\/gempolgroup.com\/de\/produkt-kategorie\/produkte-fur-pferde\/hefe-in-granulatform-produkte-fur-pferde\/"},{"@type":"ListItem","position":5,"name":"Bierhefe Futtergranulat + Vollfett-Leinkuchen f\u00fcr Pferde"}]},{"@type":"WebSite","@id":"https:\/\/gempolgroup.com\/de\/#website","url":"https:\/\/gempolgroup.com\/de\/","name":"gempolgroup.com","description":"Futtermittelzusatzstoffe f\u00fcr Tiere vom Hersteller.","publisher":{"@id":"https:\/\/gempolgroup.com\/de\/#organization"},"potentialAction":[{"@type":"SearchAction","target":{"@type":"EntryPoint","urlTemplate":"https:\/\/gempolgroup.com\/de\/?s={search_term_string}"},"query-input":{"@type":"PropertyValueSpecification","valueRequired":true,"valueName":"search_term_string"}}],"inLanguage":"de"},{"@type":"Organization","@id":"https:\/\/gempolgroup.com\/de\/#organization","name":"gempolgroup.com","url":"https:\/\/gempolgroup.com\/de\/","logo":{"@type":"ImageObject","inLanguage":"de","@id":"https:\/\/gempolgroup.com\/de\/#\/schema\/logo\/image\/","url":"https:\/\/gempolgroup.com\/wp-content\/uploads\/2024\/10\/logo-animal-glow-full.svg","contentUrl":"https:\/\/gempolgroup.com\/wp-content\/uploads\/2024\/10\/logo-animal-glow-full.svg","width":170,"height":28,"caption":"gempolgroup.com"},"image":{"@id":"https:\/\/gempolgroup.com\/de\/#\/schema\/logo\/image\/"}}]}},"_links":{"self":[{"href":"https:\/\/gempolgroup.com\/de\/wp-json\/wp\/v2\/product\/4407","targetHints":{"allow":["GET"]}}],"collection":[{"href":"https:\/\/gempolgroup.com\/de\/wp-json\/wp\/v2\/product"}],"about":[{"href":"https:\/\/gempolgroup.com\/de\/wp-json\/wp\/v2\/types\/product"}],"wp:featuredmedia":[{"embeddable":true,"href":"https:\/\/gempolgroup.com\/de\/wp-json\/wp\/v2\/media\/3190"}],"wp:attachment":[{"href":"https:\/\/gempolgroup.com\/de\/wp-json\/wp\/v2\/media?parent=4407"}],"wp:term":[{"taxonomy":"product_brand","embeddable":true,"href":"https:\/\/gempolgroup.com\/de\/wp-json\/wp\/v2\/product_brand?post=4407"},{"taxonomy":"product_cat","embeddable":true,"href":"https:\/\/gempolgroup.com\/de\/wp-json\/wp\/v2\/product_cat?post=4407"},{"taxonomy":"product_tag","embeddable":true,"href":"https:\/\/gempolgroup.com\/de\/wp-json\/wp\/v2\/product_tag?post=4407"}],"curies":[{"name":"wp","href":"https:\/\/api.w.org\/{rel}","templated":true}]}}