{"id":4359,"date":"2024-11-23T00:19:27","date_gmt":"2024-11-22T23:19:27","guid":{"rendered":"https:\/\/gempolgroup.com\/products\/unkategorisiert\/kalzium-eierschalen-1-3-mm-eierschalen\/"},"modified":"2025-01-17T13:50:13","modified_gmt":"2025-01-17T12:50:13","slug":"kalzium-eierschalen-1-3-mm-eierschalen","status":"publish","type":"product","link":"https:\/\/gempolgroup.com\/de\/products\/eierschalen\/eierschalensplitt\/kalzium-eierschalen-1-3-mm-eierschalen\/","title":{"rendered":"Kalzium-Eierschalen mit einer Partikelgr\u00f6\u00dfe von 1-3 mm"},"content":{"rendered":"\t\t<div data-elementor-type=\"section\" data-elementor-id=\"4297\" class=\"elementor elementor-4297 elementor-2324\" data-elementor-post-type=\"elementor_library\">\n\t\t\t<div class=\"elementor-element elementor-element-54c8c67 e-con-full e-flex e-con e-parent\" data-id=\"54c8c67\" data-element_type=\"container\" data-e-type=\"container\">\n\t\t<div class=\"dce-visibility-event elementor-element elementor-element-b054f81 e-con-full e-flex e-con e-child\" data-id=\"b054f81\" data-element_type=\"container\" data-e-type=\"container\" data-settings=\"{&quot;enabled_visibility&quot;:&quot;yes&quot;,&quot;dce_visibility_selected&quot;:&quot;yes&quot;}\">\n\t\t\t\t<div class=\"elementor-element elementor-element-1e5abaf elementor-widget elementor-widget-text-editor\" data-id=\"1e5abaf\" data-element_type=\"widget\" data-e-type=\"widget\" data-widget_type=\"text-editor.default\">\n\t\t\t\t<div class=\"elementor-widget-container\">\n\t\t\t\t\t\t\t\t\t<p class=\"p1\"><b>Vorteile:<\/b><\/p>\n<ul class=\"ul1\">\n<li class=\"li2\"><b>Nat\u00fcrliche Kalziumquelle:<\/b> Eierschalen sind eine der besten Quellen f\u00fcr Kalzium. Kalzium ist wichtig f\u00fcr die Erhaltung starker Knochen und gesunder Z\u00e4hne bei Tieren. <\/li>\n<li class=\"li2\"><b>Unterst\u00fctzung des Verdauungssystems:<\/b> Au\u00dferdem k\u00f6nnen Eierschalen helfen, den pH-Wert des Verdauungssystems des Tieres zu regulieren, um eine effiziente Verdauung und Aufnahme von N\u00e4hrstoffen zu gew\u00e4hrleisten.<\/li>\n<li class=\"li2\"><b>Nat\u00fcrliche Quelle von Mineralien:<\/b> Die Schale enth\u00e4lt 94% CaCO3, 1% Ca3(PO4)2, 1% MgCO3, 4% andere organische Stoffe. Neben Kalzium enthalten Eierschalen auch andere wertvolle Mineralien wie Mg, B, Fe, Cu, Si, Zn, die die allgemeine Gesundheit der Tiere unterst\u00fctzen. <\/li>\n<li class=\"li2\"><b>Gesundes Nervensystem: <\/b>Das in den Eierschalen enthaltene Kalzium ist f\u00fcr das ordnungsgem\u00e4\u00dfe Funktionieren des Nervensystems bei Tieren entscheidend und unterst\u00fctzt die Nervenleitung.<\/li>\n<li class=\"li2\"><b>Unterst\u00fctzung der Muskeln: <\/b>Kalzium hilft bei der Regulierung der Muskelkontraktionen, was f\u00fcr k\u00f6rperliche Aktivit\u00e4t und die Bewegung von Tieren wichtig ist.<\/li>\n<li class=\"li3\"><b>Vielseitigkeit: <\/b>Sie k\u00f6nnen die Mahlzeit einer Vielzahl von Tiernahrungen beimischen, wie z.B. Trockenfutter, Futtermittel oder Naturfutter.<\/li>\n<\/ul>\n\t\t\t\t\t\t\t\t<\/div>\n\t\t\t\t<\/div>\n\t\t\t\t<\/div>\n\t\t<div class=\"dce-visibility-event elementor-element elementor-element-92082bc e-con-full e-flex e-con e-child\" data-id=\"92082bc\" data-element_type=\"container\" data-e-type=\"container\" data-settings=\"{&quot;enabled_visibility&quot;:&quot;yes&quot;,&quot;dce_visibility_selected&quot;:&quot;yes&quot;}\">\n\t\t\t\t<div class=\"elementor-element elementor-element-711f648 elementor-widget elementor-widget-text-editor\" data-id=\"711f648\" data-element_type=\"widget\" data-e-type=\"widget\" data-widget_type=\"text-editor.default\">\n\t\t\t\t<div class=\"elementor-widget-container\">\n\t\t\t\t\t\t\t\t\t<p class=\"p1\"><b>Zutaten: <\/b>100% Eierschale<\/p>\n\t\t\t\t\t\t\t\t<\/div>\n\t\t\t\t<\/div>\n\t\t\t\t<\/div>\n\t\t<div class=\"dce-visibility-event elementor-element elementor-element-665312f e-con-full e-flex e-con e-child\" data-id=\"665312f\" data-element_type=\"container\" data-e-type=\"container\" data-settings=\"{&quot;enabled_visibility&quot;:&quot;yes&quot;,&quot;dce_visibility_selected&quot;:&quot;yes&quot;}\">\n\t\t\t\t<div class=\"elementor-element elementor-element-9b6c83d elementor-widget elementor-widget-text-editor\" data-id=\"9b6c83d\" data-element_type=\"widget\" data-e-type=\"widget\" data-widget_type=\"text-editor.default\">\n\t\t\t\t<div class=\"elementor-widget-container\">\n\t\t\t\t\t\t\t\t\t<p class=\"p1\"><b>Anwendung:<\/b><\/p>\n<p class=\"p1\">Individuell je nach dem Phosphorgehalt im Futter, der Art und Gr\u00f6\u00dfe der Tiere. In der Regel kann es der t\u00e4glichen Futterration oder Futtermischung zugesetzt werden. Bitte konsultieren Sie Ihren Tierarzt, um die geeignete Menge f\u00fcr Ihre Tiere zu bestimmen.  <\/p>\n\t\t\t\t\t\t\t\t<\/div>\n\t\t\t\t<\/div>\n\t\t\t\t<\/div>\n\t\t<div class=\"dce-visibility-event elementor-element elementor-element-187e7eb e-con-full e-flex e-con e-child\" data-id=\"187e7eb\" data-element_type=\"container\" data-e-type=\"container\" data-settings=\"{&quot;enabled_visibility&quot;:&quot;yes&quot;,&quot;dce_visibility_selected&quot;:&quot;yes&quot;}\">\n\t\t\t\t<div class=\"elementor-element elementor-element-e511ab2 elementor-widget elementor-widget-text-editor\" data-id=\"e511ab2\" data-element_type=\"widget\" data-e-type=\"widget\" data-widget_type=\"text-editor.default\">\n\t\t\t\t<div class=\"elementor-widget-container\">\n\t\t\t\t\t\t\t\t\t<p class=\"p1\"><span class=\"s1\"><b>Art der Anwendung: <\/b><\/span>nach dem Mischen mit Nahrung verabreichen.<\/p>\n\t\t\t\t\t\t\t\t<\/div>\n\t\t\t\t<\/div>\n\t\t\t\t<\/div>\n\t\t<div class=\"dce-visibility-event elementor-element elementor-element-a9b0323 e-con-full e-flex e-con e-child\" data-id=\"a9b0323\" data-element_type=\"container\" data-e-type=\"container\" data-settings=\"{&quot;enabled_visibility&quot;:&quot;yes&quot;,&quot;dce_visibility_selected&quot;:&quot;yes&quot;}\">\n\t\t\t\t<div class=\"elementor-element elementor-element-e0e85fb elementor-widget elementor-widget-text-editor\" data-id=\"e0e85fb\" data-element_type=\"widget\" data-e-type=\"widget\" data-widget_type=\"text-editor.default\">\n\t\t\t\t<div class=\"elementor-widget-container\">\n\t\t\t\t\t\t\t\t\t<p class=\"p1\"><span class=\"s1\"><b>Haltbarkeitsdauer: <\/b><\/span>12 Monate ab dem Herstellungsdatum.<\/p>\n\t\t\t\t\t\t\t\t<\/div>\n\t\t\t\t<\/div>\n\t\t\t\t<\/div>\n\t\t<div class=\"dce-visibility-event elementor-element elementor-element-38119c7 e-con-full e-flex e-con e-child\" data-id=\"38119c7\" data-element_type=\"container\" data-e-type=\"container\" data-settings=\"{&quot;enabled_visibility&quot;:&quot;yes&quot;,&quot;dce_visibility_selected&quot;:&quot;yes&quot;}\">\n\t\t\t\t<div class=\"elementor-element elementor-element-627caec elementor-widget elementor-widget-text-editor\" data-id=\"627caec\" data-element_type=\"widget\" data-e-type=\"widget\" data-widget_type=\"text-editor.default\">\n\t\t\t\t<div class=\"elementor-widget-container\">\n\t\t\t\t\t\t\t\t\t<p class=\"p1\"><b>Lagerung: <\/b>in einem verschlossenen Beh\u00e4lter bei Raumtemperatur.<\/p>\n\t\t\t\t\t\t\t\t<\/div>\n\t\t\t\t<\/div>\n\t\t\t\t<\/div>\n\t\t<!-- dce invisible element 2cb0d9a --><!-- dce invisible element 9bed51a --><!-- dce invisible element e3edcd8 --><!-- dce invisible element b59bf9b -->\t\t<\/div>\n\t\t\t\t<\/div>\n\t\t\n","protected":false},"excerpt":{"rendered":"<p class=\"p1\">Eierschalen sind eine nat\u00fcrliche Quelle f\u00fcr Kalzium, das die Gesundheit und Kondition von Tieren erheblich beeinflussen kann. Calcium Egg Shells sind fein gemahlene Eierschalen von 1-3 mm, erh\u00e4ltlich in einer praktischen Verpackung. Es handelt sich um ein 100% nat\u00fcrliches Produkt mit maximaler Absorption und frei von k\u00fcnstlichen Zusatzstoffen. Es ist ein ideales Nahrungserg\u00e4nzungsmittel f\u00fcr verschiedene Tierarten.   <\/p>\n","protected":false},"featured_media":3301,"template":"","meta":{"_acf_changed":false,"inline_featured_image":false},"product_brand":[],"product_cat":[153],"product_tag":[],"class_list":{"0":"post-4359","1":"product","2":"type-product","3":"status-publish","4":"has-post-thumbnail","6":"product_cat-eierschalensplitt","7":"product_shipping_class-1kg-de","9":"first","10":"instock","11":"taxable","12":"shipping-taxable","13":"purchasable","14":"product-type-simple"},"acf":[],"yoast_head":"<!-- This site is optimized with the Yoast SEO plugin v27.5 - https:\/\/yoast.com\/product\/yoast-seo-wordpress\/ -->\n<title>Kalzium-Eierschalen mit einer Partikelgr\u00f6\u00dfe von 1-3 mm - gempolgroup.com<\/title>\n<meta name=\"description\" content=\"[AnimalGlow\u00ae] Futtermittelzusatzstoffe - \u0421ompetitive Preise - Hochwertige Zutaten - 800+ Vertrauensbetriebe und Tierhalter weltweit \u25b8 Willkommen\" \/>\n<meta name=\"robots\" content=\"index, follow, max-snippet:-1, max-image-preview:large, max-video-preview:-1\" \/>\n<link rel=\"canonical\" href=\"https:\/\/gempolgroup.com\/de\/products\/eierschalen\/eierschalensplitt\/kalzium-eierschalen-1-3-mm-eierschalen\/\" \/>\n<meta property=\"og:locale\" content=\"de_DE\" \/>\n<meta property=\"og:type\" content=\"article\" \/>\n<meta property=\"og:title\" content=\"Kalzium-Eierschalen mit einer Partikelgr\u00f6\u00dfe von 1-3 mm - gempolgroup.com\" \/>\n<meta property=\"og:description\" content=\"[AnimalGlow\u00ae] Futtermittelzusatzstoffe - \u0421ompetitive Preise - Hochwertige Zutaten - 800+ Vertrauensbetriebe und Tierhalter weltweit \u25b8 Willkommen\" \/>\n<meta property=\"og:url\" content=\"https:\/\/gempolgroup.com\/de\/products\/eierschalen\/eierschalensplitt\/kalzium-eierschalen-1-3-mm-eierschalen\/\" \/>\n<meta property=\"og:site_name\" content=\"gempolgroup.com\" \/>\n<meta property=\"article:modified_time\" content=\"2025-01-17T12:50:13+00:00\" \/>\n<meta property=\"og:image\" content=\"https:\/\/gempolgroup.com\/wp-content\/uploads\/2024\/11\/Calcium-Egg-Shells-1-3-mm-Egg-Shells-1kg.webp\" \/>\n\t<meta property=\"og:image:width\" content=\"1600\" \/>\n\t<meta property=\"og:image:height\" content=\"1600\" \/>\n\t<meta property=\"og:image:type\" content=\"image\/webp\" \/>\n<meta name=\"twitter:card\" content=\"summary_large_image\" \/>\n<script type=\"application\/ld+json\" class=\"yoast-schema-graph\">{\"@context\":\"https:\\\/\\\/schema.org\",\"@graph\":[{\"@type\":\"WebPage\",\"@id\":\"https:\\\/\\\/gempolgroup.com\\\/de\\\/products\\\/eierschalen\\\/eierschalensplitt\\\/kalzium-eierschalen-1-3-mm-eierschalen\\\/\",\"url\":\"https:\\\/\\\/gempolgroup.com\\\/de\\\/products\\\/eierschalen\\\/eierschalensplitt\\\/kalzium-eierschalen-1-3-mm-eierschalen\\\/\",\"name\":\"Kalzium-Eierschalen mit einer Partikelgr\u00f6\u00dfe von 1-3 mm - gempolgroup.com\",\"isPartOf\":{\"@id\":\"https:\\\/\\\/gempolgroup.com\\\/de\\\/#website\"},\"primaryImageOfPage\":{\"@id\":\"https:\\\/\\\/gempolgroup.com\\\/de\\\/products\\\/eierschalen\\\/eierschalensplitt\\\/kalzium-eierschalen-1-3-mm-eierschalen\\\/#primaryimage\"},\"image\":{\"@id\":\"https:\\\/\\\/gempolgroup.com\\\/de\\\/products\\\/eierschalen\\\/eierschalensplitt\\\/kalzium-eierschalen-1-3-mm-eierschalen\\\/#primaryimage\"},\"thumbnailUrl\":\"https:\\\/\\\/gempolgroup.com\\\/wp-content\\\/uploads\\\/2024\\\/11\\\/Calcium-Egg-Shells-1-3-mm-Egg-Shells-1kg.webp\",\"datePublished\":\"2024-11-22T23:19:27+00:00\",\"dateModified\":\"2025-01-17T12:50:13+00:00\",\"description\":\"[AnimalGlow\u00ae] Futtermittelzusatzstoffe - \u0421ompetitive Preise - Hochwertige Zutaten - 800+ Vertrauensbetriebe und Tierhalter weltweit \u25b8 Willkommen\",\"breadcrumb\":{\"@id\":\"https:\\\/\\\/gempolgroup.com\\\/de\\\/products\\\/eierschalen\\\/eierschalensplitt\\\/kalzium-eierschalen-1-3-mm-eierschalen\\\/#breadcrumb\"},\"inLanguage\":\"de\",\"potentialAction\":[{\"@type\":\"ReadAction\",\"target\":[\"https:\\\/\\\/gempolgroup.com\\\/de\\\/products\\\/eierschalen\\\/eierschalensplitt\\\/kalzium-eierschalen-1-3-mm-eierschalen\\\/\"]}]},{\"@type\":\"ImageObject\",\"inLanguage\":\"de\",\"@id\":\"https:\\\/\\\/gempolgroup.com\\\/de\\\/products\\\/eierschalen\\\/eierschalensplitt\\\/kalzium-eierschalen-1-3-mm-eierschalen\\\/#primaryimage\",\"url\":\"https:\\\/\\\/gempolgroup.com\\\/wp-content\\\/uploads\\\/2024\\\/11\\\/Calcium-Egg-Shells-1-3-mm-Egg-Shells-1kg.webp\",\"contentUrl\":\"https:\\\/\\\/gempolgroup.com\\\/wp-content\\\/uploads\\\/2024\\\/11\\\/Calcium-Egg-Shells-1-3-mm-Egg-Shells-1kg.webp\",\"width\":1600,\"height\":1600},{\"@type\":\"BreadcrumbList\",\"@id\":\"https:\\\/\\\/gempolgroup.com\\\/de\\\/products\\\/eierschalen\\\/eierschalensplitt\\\/kalzium-eierschalen-1-3-mm-eierschalen\\\/#breadcrumb\",\"itemListElement\":[{\"@type\":\"ListItem\",\"position\":1,\"name\":\"Startseite\",\"item\":\"https:\\\/\\\/gempolgroup.com\\\/de\\\/\"},{\"@type\":\"ListItem\",\"position\":2,\"name\":\"Produkte\",\"item\":\"https:\\\/\\\/gempolgroup.com\\\/de\\\/products\\\/\"},{\"@type\":\"ListItem\",\"position\":3,\"name\":\"Eierschalen\",\"item\":\"https:\\\/\\\/gempolgroup.com\\\/de\\\/produkt-kategorie\\\/eierschalen\\\/\"},{\"@type\":\"ListItem\",\"position\":4,\"name\":\"Eierschalensplitt\",\"item\":\"https:\\\/\\\/gempolgroup.com\\\/de\\\/produkt-kategorie\\\/eierschalen\\\/eierschalensplitt\\\/\"},{\"@type\":\"ListItem\",\"position\":5,\"name\":\"Kalzium-Eierschalen mit einer Partikelgr\u00f6\u00dfe von 1-3 mm\"}]},{\"@type\":\"WebSite\",\"@id\":\"https:\\\/\\\/gempolgroup.com\\\/de\\\/#website\",\"url\":\"https:\\\/\\\/gempolgroup.com\\\/de\\\/\",\"name\":\"gempolgroup.com\",\"description\":\"Futtermittelzusatzstoffe f\u00fcr Tiere vom Hersteller.\",\"publisher\":{\"@id\":\"https:\\\/\\\/gempolgroup.com\\\/de\\\/#organization\"},\"potentialAction\":[{\"@type\":\"SearchAction\",\"target\":{\"@type\":\"EntryPoint\",\"urlTemplate\":\"https:\\\/\\\/gempolgroup.com\\\/de\\\/?s={search_term_string}\"},\"query-input\":{\"@type\":\"PropertyValueSpecification\",\"valueRequired\":true,\"valueName\":\"search_term_string\"}}],\"inLanguage\":\"de\"},{\"@type\":\"Organization\",\"@id\":\"https:\\\/\\\/gempolgroup.com\\\/de\\\/#organization\",\"name\":\"gempolgroup.com\",\"url\":\"https:\\\/\\\/gempolgroup.com\\\/de\\\/\",\"logo\":{\"@type\":\"ImageObject\",\"inLanguage\":\"de\",\"@id\":\"https:\\\/\\\/gempolgroup.com\\\/de\\\/#\\\/schema\\\/logo\\\/image\\\/\",\"url\":\"https:\\\/\\\/gempolgroup.com\\\/wp-content\\\/uploads\\\/2024\\\/10\\\/logo-animal-glow-full.svg\",\"contentUrl\":\"https:\\\/\\\/gempolgroup.com\\\/wp-content\\\/uploads\\\/2024\\\/10\\\/logo-animal-glow-full.svg\",\"width\":170,\"height\":28,\"caption\":\"gempolgroup.com\"},\"image\":{\"@id\":\"https:\\\/\\\/gempolgroup.com\\\/de\\\/#\\\/schema\\\/logo\\\/image\\\/\"}}]}<\/script>\n<!-- \/ Yoast SEO plugin. -->","yoast_head_json":{"title":"Kalzium-Eierschalen mit einer Partikelgr\u00f6\u00dfe von 1-3 mm - gempolgroup.com","description":"[AnimalGlow\u00ae] Futtermittelzusatzstoffe - \u0421ompetitive Preise - Hochwertige Zutaten - 800+ Vertrauensbetriebe und Tierhalter weltweit \u25b8 Willkommen","robots":{"index":"index","follow":"follow","max-snippet":"max-snippet:-1","max-image-preview":"max-image-preview:large","max-video-preview":"max-video-preview:-1"},"canonical":"https:\/\/gempolgroup.com\/de\/products\/eierschalen\/eierschalensplitt\/kalzium-eierschalen-1-3-mm-eierschalen\/","og_locale":"de_DE","og_type":"article","og_title":"Kalzium-Eierschalen mit einer Partikelgr\u00f6\u00dfe von 1-3 mm - gempolgroup.com","og_description":"[AnimalGlow\u00ae] Futtermittelzusatzstoffe - \u0421ompetitive Preise - Hochwertige Zutaten - 800+ Vertrauensbetriebe und Tierhalter weltweit \u25b8 Willkommen","og_url":"https:\/\/gempolgroup.com\/de\/products\/eierschalen\/eierschalensplitt\/kalzium-eierschalen-1-3-mm-eierschalen\/","og_site_name":"gempolgroup.com","article_modified_time":"2025-01-17T12:50:13+00:00","og_image":[{"width":1600,"height":1600,"url":"https:\/\/gempolgroup.com\/wp-content\/uploads\/2024\/11\/Calcium-Egg-Shells-1-3-mm-Egg-Shells-1kg.webp","type":"image\/webp"}],"twitter_card":"summary_large_image","schema":{"@context":"https:\/\/schema.org","@graph":[{"@type":"WebPage","@id":"https:\/\/gempolgroup.com\/de\/products\/eierschalen\/eierschalensplitt\/kalzium-eierschalen-1-3-mm-eierschalen\/","url":"https:\/\/gempolgroup.com\/de\/products\/eierschalen\/eierschalensplitt\/kalzium-eierschalen-1-3-mm-eierschalen\/","name":"Kalzium-Eierschalen mit einer Partikelgr\u00f6\u00dfe von 1-3 mm - gempolgroup.com","isPartOf":{"@id":"https:\/\/gempolgroup.com\/de\/#website"},"primaryImageOfPage":{"@id":"https:\/\/gempolgroup.com\/de\/products\/eierschalen\/eierschalensplitt\/kalzium-eierschalen-1-3-mm-eierschalen\/#primaryimage"},"image":{"@id":"https:\/\/gempolgroup.com\/de\/products\/eierschalen\/eierschalensplitt\/kalzium-eierschalen-1-3-mm-eierschalen\/#primaryimage"},"thumbnailUrl":"https:\/\/gempolgroup.com\/wp-content\/uploads\/2024\/11\/Calcium-Egg-Shells-1-3-mm-Egg-Shells-1kg.webp","datePublished":"2024-11-22T23:19:27+00:00","dateModified":"2025-01-17T12:50:13+00:00","description":"[AnimalGlow\u00ae] Futtermittelzusatzstoffe - \u0421ompetitive Preise - Hochwertige Zutaten - 800+ Vertrauensbetriebe und Tierhalter weltweit \u25b8 Willkommen","breadcrumb":{"@id":"https:\/\/gempolgroup.com\/de\/products\/eierschalen\/eierschalensplitt\/kalzium-eierschalen-1-3-mm-eierschalen\/#breadcrumb"},"inLanguage":"de","potentialAction":[{"@type":"ReadAction","target":["https:\/\/gempolgroup.com\/de\/products\/eierschalen\/eierschalensplitt\/kalzium-eierschalen-1-3-mm-eierschalen\/"]}]},{"@type":"ImageObject","inLanguage":"de","@id":"https:\/\/gempolgroup.com\/de\/products\/eierschalen\/eierschalensplitt\/kalzium-eierschalen-1-3-mm-eierschalen\/#primaryimage","url":"https:\/\/gempolgroup.com\/wp-content\/uploads\/2024\/11\/Calcium-Egg-Shells-1-3-mm-Egg-Shells-1kg.webp","contentUrl":"https:\/\/gempolgroup.com\/wp-content\/uploads\/2024\/11\/Calcium-Egg-Shells-1-3-mm-Egg-Shells-1kg.webp","width":1600,"height":1600},{"@type":"BreadcrumbList","@id":"https:\/\/gempolgroup.com\/de\/products\/eierschalen\/eierschalensplitt\/kalzium-eierschalen-1-3-mm-eierschalen\/#breadcrumb","itemListElement":[{"@type":"ListItem","position":1,"name":"Startseite","item":"https:\/\/gempolgroup.com\/de\/"},{"@type":"ListItem","position":2,"name":"Produkte","item":"https:\/\/gempolgroup.com\/de\/products\/"},{"@type":"ListItem","position":3,"name":"Eierschalen","item":"https:\/\/gempolgroup.com\/de\/produkt-kategorie\/eierschalen\/"},{"@type":"ListItem","position":4,"name":"Eierschalensplitt","item":"https:\/\/gempolgroup.com\/de\/produkt-kategorie\/eierschalen\/eierschalensplitt\/"},{"@type":"ListItem","position":5,"name":"Kalzium-Eierschalen mit einer Partikelgr\u00f6\u00dfe von 1-3 mm"}]},{"@type":"WebSite","@id":"https:\/\/gempolgroup.com\/de\/#website","url":"https:\/\/gempolgroup.com\/de\/","name":"gempolgroup.com","description":"Futtermittelzusatzstoffe f\u00fcr Tiere vom Hersteller.","publisher":{"@id":"https:\/\/gempolgroup.com\/de\/#organization"},"potentialAction":[{"@type":"SearchAction","target":{"@type":"EntryPoint","urlTemplate":"https:\/\/gempolgroup.com\/de\/?s={search_term_string}"},"query-input":{"@type":"PropertyValueSpecification","valueRequired":true,"valueName":"search_term_string"}}],"inLanguage":"de"},{"@type":"Organization","@id":"https:\/\/gempolgroup.com\/de\/#organization","name":"gempolgroup.com","url":"https:\/\/gempolgroup.com\/de\/","logo":{"@type":"ImageObject","inLanguage":"de","@id":"https:\/\/gempolgroup.com\/de\/#\/schema\/logo\/image\/","url":"https:\/\/gempolgroup.com\/wp-content\/uploads\/2024\/10\/logo-animal-glow-full.svg","contentUrl":"https:\/\/gempolgroup.com\/wp-content\/uploads\/2024\/10\/logo-animal-glow-full.svg","width":170,"height":28,"caption":"gempolgroup.com"},"image":{"@id":"https:\/\/gempolgroup.com\/de\/#\/schema\/logo\/image\/"}}]}},"_links":{"self":[{"href":"https:\/\/gempolgroup.com\/de\/wp-json\/wp\/v2\/product\/4359","targetHints":{"allow":["GET"]}}],"collection":[{"href":"https:\/\/gempolgroup.com\/de\/wp-json\/wp\/v2\/product"}],"about":[{"href":"https:\/\/gempolgroup.com\/de\/wp-json\/wp\/v2\/types\/product"}],"wp:featuredmedia":[{"embeddable":true,"href":"https:\/\/gempolgroup.com\/de\/wp-json\/wp\/v2\/media\/3301"}],"wp:attachment":[{"href":"https:\/\/gempolgroup.com\/de\/wp-json\/wp\/v2\/media?parent=4359"}],"wp:term":[{"taxonomy":"product_brand","embeddable":true,"href":"https:\/\/gempolgroup.com\/de\/wp-json\/wp\/v2\/product_brand?post=4359"},{"taxonomy":"product_cat","embeddable":true,"href":"https:\/\/gempolgroup.com\/de\/wp-json\/wp\/v2\/product_cat?post=4359"},{"taxonomy":"product_tag","embeddable":true,"href":"https:\/\/gempolgroup.com\/de\/wp-json\/wp\/v2\/product_tag?post=4359"}],"curies":[{"name":"wp","href":"https:\/\/api.w.org\/{rel}","templated":true}]}}